{"id":26432,"date":"2026-01-14T16:49:41","date_gmt":"2026-01-14T21:49:41","guid":{"rendered":"https:\/\/www.circularmaterials.ca\/?page_id=26432"},"modified":"2026-03-02T15:08:01","modified_gmt":"2026-03-02T20:08:01","slug":"recycling-container-request-form","status":"publish","type":"page","link":"https:\/\/www.circularmaterials.ca\/fr\/recycling-container-request-form\/","title":{"rendered":"Formulaire de demande de conteneurs de recyclage suppl\u00e9mentaires"},"content":{"rendered":"\t\t<div data-elementor-type=\"wp-page\" data-elementor-id=\"26432\" class=\"elementor elementor-26432\" data-elementor-post-type=\"page\">\n\t\t\t\t<div data-dce-background-color=\"#004876\" data-dce-background-overlay-color=\"#004876\" data-dce-background-image-url=\"https:\/\/www.circularmaterials.ca\/wp-content\/uploads\/2025\/05\/Untitled-design.jpg\" class=\"elementor-element elementor-element-6093502 e-flex e-con-boxed e-con e-parent\" data-id=\"6093502\" data-element_type=\"container\" data-e-type=\"container\" data-settings=\"{&quot;background_background&quot;:&quot;classic&quot;,&quot;background_motion_fx_motion_fx_scrolling&quot;:&quot;yes&quot;,&quot;background_motion_fx_blur_effect&quot;:&quot;yes&quot;,&quot;background_motion_fx_blur_level&quot;:{&quot;unit&quot;:&quot;px&quot;,&quot;size&quot;:4,&quot;sizes&quot;:[]},&quot;background_motion_fx_blur_direction&quot;:&quot;out-in&quot;,&quot;background_motion_fx_blur_range&quot;:{&quot;unit&quot;:&quot;%&quot;,&quot;size&quot;:&quot;&quot;,&quot;sizes&quot;:{&quot;start&quot;:20,&quot;end&quot;:80}},&quot;background_motion_fx_devices&quot;:[&quot;desktop&quot;,&quot;tablet&quot;,&quot;mobile&quot;]}\">\n\t\t\t\t\t<div class=\"e-con-inner\">\n\t\t<div class=\"elementor-element elementor-element-d5200b2 e-con-full e-flex e-con e-child\" data-id=\"d5200b2\" data-element_type=\"container\" data-e-type=\"container\">\n\t\t\t\t<div class=\"elementor-element elementor-element-42b7a4e elementor-widget__width-inherit elementor-widget elementor-widget-heading\" data-id=\"42b7a4e\" data-element_type=\"widget\" data-e-type=\"widget\" data-widget_type=\"heading.default\">\n\t\t\t\t<div class=\"elementor-widget-container\">\n\t\t\t\t\t<h2 class=\"elementor-heading-title elementor-size-default\">Additional Recycling Container Request Form<\/h2>\t\t\t\t<\/div>\n\t\t\t\t<\/div>\n\t\t\t\t<\/div>\n\t\t\t\t\t<\/div>\n\t\t\t\t<\/div>\n\t\t<div class=\"elementor-element elementor-element-61cff86 e-flex e-con-boxed e-con e-parent\" data-id=\"61cff86\" data-element_type=\"container\" data-e-type=\"container\" data-settings=\"{&quot;background_background&quot;:&quot;classic&quot;}\">\n\t\t\t\t\t<div class=\"e-con-inner\">\n\t\t\t\t<div class=\"elementor-element elementor-element-880e71d elementor-widget elementor-widget-text-editor\" data-id=\"880e71d\" data-element_type=\"widget\" data-e-type=\"widget\" data-widget_type=\"text-editor.default\">\n\t\t\t\t<div class=\"elementor-widget-container\">\n\t\t\t\t\t\t\t\t\t<p>This page provides information for Ontario residents (excluding City of Toronto residents) who require an additional recycling container.<\/p><p>Residents in the City of Toronto can visit the <a href=\"https:\/\/app.v2.os-track.com\/view?scanId=1767900730955-gTFECsc305I\" target=\"_blank\" rel=\"noopener\">Toronto Bin Request Form<\/a> to submit requests for additional recycling bins.<\/p>\t\t\t\t\t\t\t\t<\/div>\n\t\t\t\t<\/div>\n\t\t\t\t\t<\/div>\n\t\t\t\t<\/div>\n\t\t<div class=\"elementor-element elementor-element-bb5fbab e-flex e-con-boxed e-con e-parent\" data-id=\"bb5fbab\" data-element_type=\"container\" data-e-type=\"container\">\n\t\t\t\t\t<div class=\"e-con-inner\">\n\t\t<div class=\"elementor-element elementor-element-dfbfdf7 e-con-full e-flex e-con e-child\" data-id=\"dfbfdf7\" data-element_type=\"container\" data-e-type=\"container\">\n\t\t\t\t<div class=\"elementor-element elementor-element-311a69d elementor-widget elementor-widget-heading\" data-id=\"311a69d\" data-element_type=\"widget\" data-e-type=\"widget\" data-widget_type=\"heading.default\">\n\t\t\t\t<div class=\"elementor-widget-container\">\n\t\t\t\t\t<h2 class=\"elementor-heading-title elementor-size-default\">How to Request an Additional Recycling Container<\/h2>\t\t\t\t<\/div>\n\t\t\t\t<\/div>\n\t\t\t\t<div class=\"elementor-element elementor-element-ca56669 elementor-widget__width-inherit elementor-widget elementor-widget-text-editor\" data-id=\"ca56669\" data-element_type=\"widget\" data-e-type=\"widget\" data-widget_type=\"text-editor.default\">\n\t\t\t\t<div class=\"elementor-widget-container\">\n\t\t\t\t\t\t\t\t\t<p>Please complete this <a href=\"https:\/\/forms.circularmaterials.ca\/260126486571964\" target=\"_blank\" rel=\"nofollow noopener\">Recycling Container Request Form<\/a> to apply for an additional container.<\/p><p>This recycling container form is for Ontario residents (excluding City of Toronto residents) who are requesting an additional recycling container to meet their household recycling needs.<\/p><p>Please note, we recommend that you use your current recycling container for a period of 90 days to determine your recycling needs before submitting a request for an additional container. It is common for a residence to experience significant seasonal variability in recycling needs and increased volume over the holiday period. As a reminder, Blue Box materials, particularly cardboard, must be broken down and flattened to support using recycling container space most efficiently.<\/p>\t\t\t\t\t\t\t\t<\/div>\n\t\t\t\t<\/div>\n\t\t\t\t<\/div>\n\t\t\t\t\t<\/div>\n\t\t\t\t<\/div>\n\t\t<div class=\"elementor-element elementor-element-6f47cb1 e-flex e-con-boxed e-con e-parent\" data-id=\"6f47cb1\" data-element_type=\"container\" data-e-type=\"container\">\n\t\t\t\t\t<div class=\"e-con-inner\">\n\t\t<div class=\"elementor-element elementor-element-be13ac9 e-con-full e-flex e-con e-child\" data-id=\"be13ac9\" data-element_type=\"container\" data-e-type=\"container\">\n\t\t\t\t<div class=\"elementor-element elementor-element-4110d5e elementor-widget elementor-widget-heading\" data-id=\"4110d5e\" data-element_type=\"widget\" data-e-type=\"widget\" data-widget_type=\"heading.default\">\n\t\t\t\t<div class=\"elementor-widget-container\">\n\t\t\t\t\t<h2 class=\"elementor-heading-title elementor-size-default\">Frequently Asked Questions (FAQs)<\/h2>\t\t\t\t<\/div>\n\t\t\t\t<\/div>\n\t\t\t\t<div class=\"elementor-element elementor-element-fa2fc5e elementor-widget elementor-widget-n-accordion\" data-id=\"fa2fc5e\" data-element_type=\"widget\" data-e-type=\"widget\" data-settings=\"{&quot;default_state&quot;:&quot;all_collapsed&quot;,&quot;max_items_expended&quot;:&quot;one&quot;,&quot;n_accordion_animation_duration&quot;:{&quot;unit&quot;:&quot;ms&quot;,&quot;size&quot;:400,&quot;sizes&quot;:[]}}\" data-widget_type=\"nested-accordion.default\">\n\t\t\t\t<div class=\"elementor-widget-container\">\n\t\t\t\t\t\t\t<div class=\"e-n-accordion\" aria-label=\"Accordion. Open links with Enter or Space, close with Escape, and navigate with Arrow Keys\">\n\t\t\t\t\t\t<details id=\"e-n-accordion-item-2620\" class=\"e-n-accordion-item\" >\n\t\t\t\t<summary class=\"e-n-accordion-item-title\" data-accordion-index=\"1\" tabindex=\"0\" aria-expanded=\"false\" aria-controls=\"e-n-accordion-item-2620\" >\n\t\t\t\t\t<span class='e-n-accordion-item-title-header'><div class=\"e-n-accordion-item-title-text\"> How long will it take to get an additional recycling container?  <\/div><\/span>\n\t\t\t\t\t\t\t<span class='e-n-accordion-item-title-icon'>\n\t\t\t<span class='e-opened' ><svg aria-hidden=\"true\" class=\"e-font-icon-svg e-fas-minus\" viewBox=\"0 0 448 512\" xmlns=\"http:\/\/www.w3.org\/2000\/svg\"><path d=\"M416 208H32c-17.67 0-32 14.33-32 32v32c0 17.67 14.33 32 32 32h384c17.67 0 32-14.33 32-32v-32c0-17.67-14.33-32-32-32z\"><\/path><\/svg><\/span>\n\t\t\t<span class='e-closed'><svg aria-hidden=\"true\" class=\"e-font-icon-svg e-fas-plus\" viewBox=\"0 0 448 512\" xmlns=\"http:\/\/www.w3.org\/2000\/svg\"><path d=\"M416 208H272V64c0-17.67-14.33-32-32-32h-32c-17.67 0-32 14.33-32 32v144H32c-17.67 0-32 14.33-32 32v32c0 17.67 14.33 32 32 32h144v144c0 17.67 14.33 32 32 32h32c17.67 0 32-14.33 32-32V304h144c17.67 0 32-14.33 32-32v-32c0-17.67-14.33-32-32-32z\"><\/path><\/svg><\/span>\n\t\t<\/span>\n\n\t\t\t\t\t\t<\/summary>\n\t\t\t\t<div role=\"region\" aria-labelledby=\"e-n-accordion-item-2620\" class=\"elementor-element elementor-element-1a9f616 e-con-full e-flex e-con e-child\" data-id=\"1a9f616\" data-element_type=\"container\" data-e-type=\"container\">\n\t\t<div role=\"region\" aria-labelledby=\"e-n-accordion-item-2620\" class=\"elementor-element elementor-element-3325495 e-con-full e-flex e-con e-child\" data-id=\"3325495\" data-element_type=\"container\" data-e-type=\"container\">\n\t\t\t\t<div class=\"elementor-element elementor-element-1c4def3 elementor-widget elementor-widget-text-editor\" data-id=\"1c4def3\" data-element_type=\"widget\" data-e-type=\"widget\" data-widget_type=\"text-editor.default\">\n\t\t\t\t<div class=\"elementor-widget-container\">\n\t\t\t\t\t\t\t\t\t<p><span class=\"TextRun SCXW207656221 BCX0\" lang=\"EN-US\" xml:lang=\"EN-US\" data-contrast=\"auto\"><span class=\"NormalTextRun SCXW207656221 BCX0\">Our commitment is to respond to\u00a0<\/span><span class=\"NormalTextRun SCXW207656221 BCX0\">all\u00a0<\/span><span class=\"NormalTextRun SCXW207656221 BCX0\">requests\u00a0<\/span><span class=\"NormalTextRun SCXW207656221 BCX0\">in a timely\u00a0<\/span><span class=\"NormalTextRun SCXW207656221 BCX0\">manner<\/span><span class=\"NormalTextRun SCXW207656221 BCX0\">.<\/span><span class=\"NormalTextRun SCXW207656221 BCX0\">\u00a0Given the early stage of the recycling transition\u202facross Ontario,\u202f<\/span><span class=\"NormalTextRun SCXW207656221 BCX0\">our Customer Service team is\u00a0<\/span><span class=\"NormalTextRun SCXW207656221 BCX0\">currently experiencing a\u202fsignificant\u202fvolume of\u202finquiries<\/span><span class=\"NormalTextRun SCXW207656221 BCX0\">\u00a0and requests<\/span><span class=\"NormalTextRun SCXW207656221 BCX0\">.<\/span><span class=\"NormalTextRun SCXW207656221 BCX0\">\u00a0W<\/span><span class=\"NormalTextRun SCXW207656221 BCX0\">e\u00a0<\/span><span class=\"NormalTextRun SCXW207656221 BCX0\">thank you for y<\/span><span class=\"NormalTextRun CommentStart SCXW207656221 BCX0\">our patience<\/span><span class=\"NormalTextRun SCXW207656221 BCX0\">\u00a0<\/span><span class=\"NormalTextRun SCXW207656221 BCX0\">during this time.<\/span><span class=\"NormalTextRun SCXW207656221 BCX0\">\u00a0<\/span><\/span><span class=\"LineBreakBlob BlobObject DragDrop SCXW207656221 BCX0\"><span class=\"SCXW207656221 BCX0\">\u00a0<\/span><br class=\"SCXW207656221 BCX0\" \/><\/span><\/p>\t\t\t\t\t\t\t\t<\/div>\n\t\t\t\t<\/div>\n\t\t\t\t<\/div>\n\t\t\t\t<\/div>\n\t\t\t\t\t<\/details>\n\t\t\t\t\t\t<details id=\"e-n-accordion-item-2621\" class=\"e-n-accordion-item\" >\n\t\t\t\t<summary class=\"e-n-accordion-item-title\" data-accordion-index=\"2\" tabindex=\"-1\" aria-expanded=\"false\" aria-controls=\"e-n-accordion-item-2621\" >\n\t\t\t\t\t<span class='e-n-accordion-item-title-header'><div class=\"e-n-accordion-item-title-text\"> How can I learn more about my community\u2019s recycling services? <\/div><\/span>\n\t\t\t\t\t\t\t<span class='e-n-accordion-item-title-icon'>\n\t\t\t<span class='e-opened' ><svg aria-hidden=\"true\" class=\"e-font-icon-svg e-fas-minus\" viewBox=\"0 0 448 512\" xmlns=\"http:\/\/www.w3.org\/2000\/svg\"><path d=\"M416 208H32c-17.67 0-32 14.33-32 32v32c0 17.67 14.33 32 32 32h384c17.67 0 32-14.33 32-32v-32c0-17.67-14.33-32-32-32z\"><\/path><\/svg><\/span>\n\t\t\t<span class='e-closed'><svg aria-hidden=\"true\" class=\"e-font-icon-svg e-fas-plus\" viewBox=\"0 0 448 512\" xmlns=\"http:\/\/www.w3.org\/2000\/svg\"><path d=\"M416 208H272V64c0-17.67-14.33-32-32-32h-32c-17.67 0-32 14.33-32 32v144H32c-17.67 0-32 14.33-32 32v32c0 17.67 14.33 32 32 32h144v144c0 17.67 14.33 32 32 32h32c17.67 0 32-14.33 32-32V304h144c17.67 0 32-14.33 32-32v-32c0-17.67-14.33-32-32-32z\"><\/path><\/svg><\/span>\n\t\t<\/span>\n\n\t\t\t\t\t\t<\/summary>\n\t\t\t\t<div role=\"region\" aria-labelledby=\"e-n-accordion-item-2621\" class=\"elementor-element elementor-element-4ca3379 e-flex e-con-boxed e-con e-child\" data-id=\"4ca3379\" data-element_type=\"container\" data-e-type=\"container\">\n\t\t\t\t\t<div class=\"e-con-inner\">\n\t\t<div role=\"region\" aria-labelledby=\"e-n-accordion-item-2621\" class=\"elementor-element elementor-element-94016a2 e-con-full e-flex e-con e-child\" data-id=\"94016a2\" data-element_type=\"container\" data-e-type=\"container\">\n\t\t\t\t<div class=\"elementor-element elementor-element-c9b4642 elementor-widget elementor-widget-text-editor\" data-id=\"c9b4642\" data-element_type=\"widget\" data-e-type=\"widget\" data-widget_type=\"text-editor.default\">\n\t\t\t\t<div class=\"elementor-widget-container\">\n\t\t\t\t\t\t\t\t\t<p><span class=\"TextRun SCXW51573855 BCX0\" lang=\"EN-US\" xml:lang=\"EN-US\" data-contrast=\"auto\"><span class=\"NormalTextRun SCXW51573855 BCX0\">Please visit your local community pag<\/span><span class=\"NormalTextRun SCXW51573855 BCX0\">es:<\/span><span class=\"NormalTextRun SCXW51573855 BCX0\">\u00a0<\/span><\/span><a class=\"Hyperlink SCXW51573855 BCX0\" href=\"http:\/\/www.circularmaterials.ca\/resident-provinces\/ontario\/\" target=\"_blank\" rel=\"noreferrer noopener\"><span class=\"TextRun Underlined SCXW51573855 BCX0\" lang=\"EN-US\" xml:lang=\"EN-US\" data-contrast=\"none\"><span class=\"NormalTextRun SCXW51573855 BCX0\" data-ccp-charstyle=\"Hyperlink\">www.circularmaterials.ca\/resident-provinces\/ontario\/<\/span><\/span><\/a><span class=\"TextRun SCXW51573855 BCX0\" lang=\"EN-US\" xml:lang=\"EN-US\" data-contrast=\"auto\"><span class=\"NormalTextRun SCXW51573855 BCX0\">\u00a0<\/span><span class=\"NormalTextRun SCXW51573855 BCX0\">for information on services\u00a0<\/span><span class=\"NormalTextRun SCXW51573855 BCX0\">specific\u00a0<\/span><span class=\"NormalTextRun SCXW51573855 BCX0\">to each\u00a0<\/span><span class=\"NormalTextRun SCXW51573855 BCX0\">community.<\/span><\/span><\/p>\t\t\t\t\t\t\t\t<\/div>\n\t\t\t\t<\/div>\n\t\t\t\t<\/div>\n\t\t\t\t\t<\/div>\n\t\t\t\t<\/div>\n\t\t\t\t\t<\/details>\n\t\t\t\t\t\t<details id=\"e-n-accordion-item-2622\" class=\"e-n-accordion-item\" >\n\t\t\t\t<summary class=\"e-n-accordion-item-title\" data-accordion-index=\"3\" tabindex=\"-1\" aria-expanded=\"false\" aria-controls=\"e-n-accordion-item-2622\" >\n\t\t\t\t\t<span class='e-n-accordion-item-title-header'><div class=\"e-n-accordion-item-title-text\"> Is there a cost to receive an additional recycling container? <\/div><\/span>\n\t\t\t\t\t\t\t<span class='e-n-accordion-item-title-icon'>\n\t\t\t<span class='e-opened' ><svg aria-hidden=\"true\" class=\"e-font-icon-svg e-fas-minus\" viewBox=\"0 0 448 512\" xmlns=\"http:\/\/www.w3.org\/2000\/svg\"><path d=\"M416 208H32c-17.67 0-32 14.33-32 32v32c0 17.67 14.33 32 32 32h384c17.67 0 32-14.33 32-32v-32c0-17.67-14.33-32-32-32z\"><\/path><\/svg><\/span>\n\t\t\t<span class='e-closed'><svg aria-hidden=\"true\" class=\"e-font-icon-svg e-fas-plus\" viewBox=\"0 0 448 512\" xmlns=\"http:\/\/www.w3.org\/2000\/svg\"><path d=\"M416 208H272V64c0-17.67-14.33-32-32-32h-32c-17.67 0-32 14.33-32 32v144H32c-17.67 0-32 14.33-32 32v32c0 17.67 14.33 32 32 32h144v144c0 17.67 14.33 32 32 32h32c17.67 0 32-14.33 32-32V304h144c17.67 0 32-14.33 32-32v-32c0-17.67-14.33-32-32-32z\"><\/path><\/svg><\/span>\n\t\t<\/span>\n\n\t\t\t\t\t\t<\/summary>\n\t\t\t\t<div role=\"region\" aria-labelledby=\"e-n-accordion-item-2622\" class=\"elementor-element elementor-element-8399f6a e-flex e-con-boxed e-con e-child\" data-id=\"8399f6a\" data-element_type=\"container\" data-e-type=\"container\">\n\t\t\t\t\t<div class=\"e-con-inner\">\n\t\t<div role=\"region\" aria-labelledby=\"e-n-accordion-item-2622\" class=\"elementor-element elementor-element-a6c1452 e-con-full e-flex e-con e-child\" data-id=\"a6c1452\" data-element_type=\"container\" data-e-type=\"container\">\n\t\t\t\t<div class=\"elementor-element elementor-element-16df8a6 elementor-widget elementor-widget-text-editor\" data-id=\"16df8a6\" data-element_type=\"widget\" data-e-type=\"widget\" data-widget_type=\"text-editor.default\">\n\t\t\t\t<div class=\"elementor-widget-container\">\n\t\t\t\t\t\t\t\t\t<p><span class=\"NormalTextRun SCXW122719138 BCX0\">If the volume of blue box material generated by the residence is shown to consistently exceed the capacity of the containers provided, there is no\u00a0<\/span><span class=\"NormalTextRun SCXW122719138 BCX0\">additional<\/span><span class=\"NormalTextRun SCXW122719138 BCX0\">\u00a0cost for an\u00a0<\/span><span class=\"NormalTextRun SCXW122719138 BCX0\">additional<\/span><span class=\"NormalTextRun SCXW122719138 BCX0\">\u00a0recycling container.<\/span><\/p>\t\t\t\t\t\t\t\t<\/div>\n\t\t\t\t<\/div>\n\t\t\t\t<\/div>\n\t\t\t\t\t<\/div>\n\t\t\t\t<\/div>\n\t\t\t\t\t<\/details>\n\t\t\t\t\t\t<details id=\"e-n-accordion-item-2623\" class=\"e-n-accordion-item\" >\n\t\t\t\t<summary class=\"e-n-accordion-item-title\" data-accordion-index=\"4\" tabindex=\"-1\" aria-expanded=\"false\" aria-controls=\"e-n-accordion-item-2623\" >\n\t\t\t\t\t<span class='e-n-accordion-item-title-header'><div class=\"e-n-accordion-item-title-text\"> How do I request a new container for a new home? <\/div><\/span>\n\t\t\t\t\t\t\t<span class='e-n-accordion-item-title-icon'>\n\t\t\t<span class='e-opened' ><svg aria-hidden=\"true\" class=\"e-font-icon-svg e-fas-minus\" viewBox=\"0 0 448 512\" xmlns=\"http:\/\/www.w3.org\/2000\/svg\"><path d=\"M416 208H32c-17.67 0-32 14.33-32 32v32c0 17.67 14.33 32 32 32h384c17.67 0 32-14.33 32-32v-32c0-17.67-14.33-32-32-32z\"><\/path><\/svg><\/span>\n\t\t\t<span class='e-closed'><svg aria-hidden=\"true\" class=\"e-font-icon-svg e-fas-plus\" viewBox=\"0 0 448 512\" xmlns=\"http:\/\/www.w3.org\/2000\/svg\"><path d=\"M416 208H272V64c0-17.67-14.33-32-32-32h-32c-17.67 0-32 14.33-32 32v144H32c-17.67 0-32 14.33-32 32v32c0 17.67 14.33 32 32 32h144v144c0 17.67 14.33 32 32 32h32c17.67 0 32-14.33 32-32V304h144c17.67 0 32-14.33 32-32v-32c0-17.67-14.33-32-32-32z\"><\/path><\/svg><\/span>\n\t\t<\/span>\n\n\t\t\t\t\t\t<\/summary>\n\t\t\t\t<div role=\"region\" aria-labelledby=\"e-n-accordion-item-2623\" class=\"elementor-element elementor-element-8051fa0 e-flex e-con-boxed e-con e-child\" data-id=\"8051fa0\" data-element_type=\"container\" data-e-type=\"container\">\n\t\t\t\t\t<div class=\"e-con-inner\">\n\t\t<div role=\"region\" aria-labelledby=\"e-n-accordion-item-2623\" class=\"elementor-element elementor-element-caa2e0c e-con-full e-flex e-con e-child\" data-id=\"caa2e0c\" data-element_type=\"container\" data-e-type=\"container\">\n\t\t\t\t<div class=\"elementor-element elementor-element-19111ca elementor-widget elementor-widget-text-editor\" data-id=\"19111ca\" data-element_type=\"widget\" data-e-type=\"widget\" data-widget_type=\"text-editor.default\">\n\t\t\t\t<div class=\"elementor-widget-container\">\n\t\t\t\t\t\t\t\t\t<p><span class=\"TextRun SCXW224002380 BCX0\" lang=\"EN-US\" xml:lang=\"EN-US\" data-contrast=\"auto\"><span class=\"NormalTextRun SCXW224002380 BCX0\">For residents who require a new recycling container for a\u00a0<\/span><span class=\"NormalTextRun CommentStart SCXW224002380 BCX0\">newly built home<\/span><span class=\"NormalTextRun SCXW224002380 BCX0\">,<\/span><span class=\"NormalTextRun SCXW224002380 BCX0\">\u00a0ple<\/span><span class=\"NormalTextRun SCXW224002380 BCX0\">ase note, your local community\/municipality will\u00a0<\/span><span class=\"NormalTextRun SCXW224002380 BCX0\">advise<\/span><span class=\"NormalTextRun SCXW224002380 BCX0\">\u00a0Circular Materials of new builds in each local community which require residential services including garbage and recycling collection.\u00a0<\/span><span class=\"NormalTextRun SCXW224002380 BCX0\">A recycling container will be delivered\u00a0<\/span><span class=\"NormalTextRun SCXW224002380 BCX0\">to new residences\u00a0<\/span><span class=\"NormalTextRun SCXW224002380 BCX0\">upon<\/span><span class=\"NormalTextRun SCXW224002380 BCX0\">\u00a0this<\/span><span class=\"NormalTextRun SCXW224002380 BCX0\">\u00a0<\/span><span class=\"NormalTextRun SCXW224002380 BCX0\">notification.<\/span><\/span><span class=\"LineBreakBlob BlobObject DragDrop SCXW224002380 BCX0\"><span class=\"SCXW224002380 BCX0\">\u00a0<\/span><br class=\"SCXW224002380 BCX0\" \/><\/span><\/p>\t\t\t\t\t\t\t\t<\/div>\n\t\t\t\t<\/div>\n\t\t\t\t<\/div>\n\t\t\t\t\t<\/div>\n\t\t\t\t<\/div>\n\t\t\t\t\t<\/details>\n\t\t\t\t\t<\/div>\n\t\t\t\t\t\t<\/div>\n\t\t\t\t<\/div>\n\t\t\t\t<\/div>\n\t\t\t\t\t<\/div>\n\t\t\t\t<\/div>\n\t\t<div class=\"elementor-element elementor-element-057d005 e-flex e-con-boxed e-con e-parent\" data-id=\"057d005\" data-element_type=\"container\" data-e-type=\"container\">\n\t\t\t\t\t<div class=\"e-con-inner\">\n\t\t<div class=\"elementor-element elementor-element-5824969 e-con-full e-flex e-con e-child\" data-id=\"5824969\" data-element_type=\"container\" data-e-type=\"container\">\n\t\t\t\t<div class=\"elementor-element elementor-element-72242e4 elementor-widget elementor-widget-heading\" data-id=\"72242e4\" data-element_type=\"widget\" data-e-type=\"widget\" data-widget_type=\"heading.default\">\n\t\t\t\t<div class=\"elementor-widget-container\">\n\t\t\t\t\t<h2 class=\"elementor-heading-title elementor-size-default\">Contact Information<\/h2>\t\t\t\t<\/div>\n\t\t\t\t<\/div>\n\t\t\t\t<div class=\"elementor-element elementor-element-4ceb384 elementor-widget elementor-widget-text-editor\" data-id=\"4ceb384\" data-element_type=\"widget\" data-e-type=\"widget\" data-widget_type=\"text-editor.default\">\n\t\t\t\t<div class=\"elementor-widget-container\">\n\t\t\t\t\t\t\t\t\t<div class=\"elementor-element elementor-element-f056c9d elementor-widget elementor-widget-heading\" data-id=\"f056c9d\" data-element_type=\"widget\" data-widget_type=\"heading.default\">\n<div class=\"elementor-widget-container\">\n<h2 class=\"elementor-heading-title elementor-size-default\"><span style=\"color: rgb(0, 0, 0); font-size: 17px; font-weight: 400;\">If you have questions or require support, please contact the Circular Materials team at: <\/span><a id=\"menur1jn2\" class=\"fui-Link ___1q1shib f2hkw1w f3rmtva f1ewtqcl fyind8e f1k6fduh f1w7gpdv fk6fouc fjoy568 figsok6 f1s184ao f1mk8lai fnbmjn9 f1o700av f13mvf36 f1cmlufx f9n3di6 f1ids18y f1tx3yz7 f1deo86v f1eh06m1 f1iescvh fhgqx19 f1olyrje f1p93eir f1nev41a f1h8hb77 f1lqvz6u f10aw75t fsle3fq f17ae5zn\" title=\"mailto:customerservice@circularmaterials.ca\" href=\"mailto:customerservice@circularmaterials.ca\" target=\"_blank\" rel=\"noreferrer noopener\" aria-label=\"Link customerservice@circularmaterials.ca\" style=\"font-size: 17px; background-color: rgb(255, 255, 255);\">customerservice@circularmaterials.ca<\/a><span style=\"color: rgb(0, 0, 0); font-size: 17px; font-weight: 400;\">&nbsp;or call 1-877-667-2626.<\/span><\/h2>\n<\/div>\n<\/div>\n<div class=\"elementor-element elementor-element-1d840cd elementor-widget elementor-widget-text-editor\" data-id=\"1d840cd\" data-element_type=\"widget\" data-widget_type=\"text-editor.default\">\n<div class=\"elementor-widget-container\">&nbsp;<\/div>\n<\/div>\t\t\t\t\t\t\t\t<\/div>\n\t\t\t\t<\/div>\n\t\t\t\t<\/div>\n\t\t\t\t\t<\/div>\n\t\t\t\t<\/div>\n\t\t<div class=\"elementor-element elementor-element-35d4acd e-flex e-con-boxed e-con e-parent\" data-id=\"35d4acd\" data-element_type=\"container\" data-e-type=\"container\">\n\t\t\t\t\t<div class=\"e-con-inner\">\n\t\t\t\t\t<\/div>\n\t\t\t\t<\/div>\n\t\t\t\t<\/div>\n\t\t","protected":false},"excerpt":{"rendered":"<p>Cette page fournit des informations aux r\u00e9sidents de l'Ontario (\u00e0 l'exception des r\u00e9sidents de la ville de Toronto) qui ont besoin d'un conteneur de recyclage suppl\u00e9mentaire.<\/p>","protected":false},"author":6,"featured_media":0,"parent":0,"menu_order":0,"comment_status":"closed","ping_status":"closed","template":"elementor_header_footer","meta":{"_acf_changed":false,"inline_featured_image":false,"footnotes":""},"class_list":["post-26432","page","type-page","status-publish","hentry"],"acf":[],"aioseo_notices":[],"_links":{"self":[{"href":"https:\/\/www.circularmaterials.ca\/fr\/wp-json\/wp\/v2\/pages\/26432","targetHints":{"allow":["GET"]}}],"collection":[{"href":"https:\/\/www.circularmaterials.ca\/fr\/wp-json\/wp\/v2\/pages"}],"about":[{"href":"https:\/\/www.circularmaterials.ca\/fr\/wp-json\/wp\/v2\/types\/page"}],"author":[{"embeddable":true,"href":"https:\/\/www.circularmaterials.ca\/fr\/wp-json\/wp\/v2\/users\/6"}],"replies":[{"embeddable":true,"href":"https:\/\/www.circularmaterials.ca\/fr\/wp-json\/wp\/v2\/comments?post=26432"}],"version-history":[{"count":50,"href":"https:\/\/www.circularmaterials.ca\/fr\/wp-json\/wp\/v2\/pages\/26432\/revisions"}],"predecessor-version":[{"id":27169,"href":"https:\/\/www.circularmaterials.ca\/fr\/wp-json\/wp\/v2\/pages\/26432\/revisions\/27169"}],"wp:attachment":[{"href":"https:\/\/www.circularmaterials.ca\/fr\/wp-json\/wp\/v2\/media?parent=26432"}],"curies":[{"name":"wp","href":"https:\/\/api.w.org\/{rel}","templated":true}]}}