{"id":25036,"date":"2025-11-28T18:14:04","date_gmt":"2025-11-28T23:14:04","guid":{"rendered":"https:\/\/www.circularmaterials.ca\/?page_id=25036"},"modified":"2026-03-19T15:42:07","modified_gmt":"2026-03-19T19:42:07","slug":"school-recycling-in-nova-scotia","status":"publish","type":"page","link":"https:\/\/www.circularmaterials.ca\/fr\/school-recycling-in-nova-scotia\/","title":{"rendered":"Recyclage scolaire en Nouvelle-\u00c9cosse"},"content":{"rendered":"\t\t<div data-elementor-type=\"wp-page\" data-elementor-id=\"25036\" class=\"elementor elementor-25036\" data-elementor-post-type=\"page\">\n\t\t\t\t<div data-dce-background-image-url=\"https:\/\/www.circularmaterials.ca\/wp-content\/uploads\/2025\/03\/miguel-angel-sanz-cp8vTNHMma8-unsplash-scaled.jpg\" class=\"elementor-element elementor-element-6ba88943 e-flex e-con-boxed e-con e-parent\" data-id=\"6ba88943\" data-element_type=\"container\" data-e-type=\"container\" data-settings=\"{&quot;background_background&quot;:&quot;classic&quot;,&quot;background_motion_fx_motion_fx_scrolling&quot;:&quot;yes&quot;,&quot;background_motion_fx_devices&quot;:[&quot;desktop&quot;,&quot;tablet&quot;,&quot;mobile&quot;]}\">\n\t\t\t\t\t<div class=\"e-con-inner\">\n\t\t<div class=\"elementor-element elementor-element-25d6c26 e-con-full e-flex e-con e-child\" data-id=\"25d6c26\" data-element_type=\"container\" data-e-type=\"container\" data-settings=\"{&quot;background_background&quot;:&quot;classic&quot;}\">\n\t\t\t\t<div class=\"elementor-element elementor-element-bf00e53 elementor-widget elementor-widget-image\" data-id=\"bf00e53\" data-element_type=\"widget\" data-e-type=\"widget\" data-widget_type=\"image.default\">\n\t\t\t\t<div class=\"elementor-widget-container\">\n\t\t\t\t\t\t\t\t\t\t\t\t\t\t\t<img decoding=\"async\" width=\"90\" height=\"45\" src=\"https:\/\/www.circularmaterials.ca\/wp-content\/uploads\/2025\/03\/Nova-Scotia_Flag.png\" class=\"attachment-large size-large wp-image-17779\" alt=\"\" \/>\t\t\t\t\t\t\t\t\t\t\t\t\t\t\t<\/div>\n\t\t\t\t<\/div>\n\t\t\t\t<div class=\"elementor-element elementor-element-c386deb elementor-widget elementor-widget-heading\" data-id=\"c386deb\" data-element_type=\"widget\" data-e-type=\"widget\" data-widget_type=\"heading.default\">\n\t\t\t\t<div class=\"elementor-widget-container\">\n\t\t\t\t\t<h2 class=\"elementor-heading-title elementor-size-default\">NS<\/h2>\t\t\t\t<\/div>\n\t\t\t\t<\/div>\n\t\t\t\t<\/div>\n\t\t\t\t<div class=\"elementor-element elementor-element-1a075c9b elementor-widget__width-initial text-balance elementor-widget elementor-widget-heading\" data-id=\"1a075c9b\" data-element_type=\"widget\" data-e-type=\"widget\" data-widget_type=\"heading.default\">\n\t\t\t\t<div class=\"elementor-widget-container\">\n\t\t\t\t\t<h2 class=\"elementor-heading-title elementor-size-default\">School Recycling in Nova Scotia<\/h2>\t\t\t\t<\/div>\n\t\t\t\t<\/div>\n\t\t\t\t\t<\/div>\n\t\t\t\t<\/div>\n\t\t<div class=\"elementor-element elementor-element-562dbdd e-flex e-con-boxed e-con e-parent\" data-id=\"562dbdd\" data-element_type=\"container\" data-e-type=\"container\">\n\t\t\t\t\t<div class=\"e-con-inner\">\n\t\t\t\t<div class=\"elementor-element elementor-element-5788eff elementor-nav-menu--dropdown-none elementor-hidden-tablet elementor-hidden-mobile elementor-widget elementor-widget-nav-menu\" data-id=\"5788eff\" data-element_type=\"widget\" data-e-type=\"widget\" data-settings=\"{&quot;submenu_icon&quot;:{&quot;value&quot;:&quot;&lt;svg aria-hidden=\\&quot;true\\&quot; class=\\&quot;e-font-icon-svg e-fas-plus\\&quot; viewBox=\\&quot;0 0 448 512\\&quot; xmlns=\\&quot;http:\\\/\\\/www.w3.org\\\/2000\\\/svg\\&quot;&gt;&lt;path d=\\&quot;M416 208H272V64c0-17.67-14.33-32-32-32h-32c-17.67 0-32 14.33-32 32v144H32c-17.67 0-32 14.33-32 32v32c0 17.67 14.33 32 32 32h144v144c0 17.67 14.33 32 32 32h32c17.67 0 32-14.33 32-32V304h144c17.67 0 32-14.33 32-32v-32c0-17.67-14.33-32-32-32z\\&quot;&gt;&lt;\\\/path&gt;&lt;\\\/svg&gt;&quot;,&quot;library&quot;:&quot;fa-solid&quot;},&quot;layout&quot;:&quot;horizontal&quot;}\" data-widget_type=\"nav-menu.default\">\n\t\t\t\t<div class=\"elementor-widget-container\">\n\t\t\t\t\t\t\t\t<nav aria-label=\"Menu\" class=\"elementor-nav-menu--main elementor-nav-menu__container elementor-nav-menu--layout-horizontal e--pointer-none\">\n\t\t\t\t<ul id=\"menu-1-5788eff\" class=\"elementor-nav-menu\"><li class=\"menu-item menu-item-type-post_type menu-item-object-provincial-programs menu-item-has-children menu-item-15693\"><a href=\"https:\/\/www.circularmaterials.ca\/fr\/provincial-programs\/ns-transition-information\/\" class=\"elementor-item\">Recycling in Nova Scotia<\/a>\n<ul class=\"sub-menu elementor-nav-menu--dropdown\">\n\t<li class=\"menu-item menu-item-type-post_type menu-item-object-page menu-item-23986\"><a href=\"https:\/\/www.circularmaterials.ca\/fr\/nsdepots\/\" class=\"elementor-sub-item\">Nova Scotia Depots<\/a><\/li>\n<\/ul>\n<\/li>\n<li class=\"menu-item menu-item-type-custom menu-item-object-custom menu-item-has-children menu-item-26616\"><a href=\"#\" class=\"elementor-item elementor-item-anchor\">Community Information<\/a>\n<ul class=\"sub-menu elementor-nav-menu--dropdown\">\n\t<li class=\"menu-item menu-item-type-post_type menu-item-object-page menu-item-15721\"><a href=\"https:\/\/www.circularmaterials.ca\/fr\/nova-scotia-consultation\/\" class=\"elementor-sub-item\">Consultation Information<\/a><\/li>\n\t<li class=\"menu-item menu-item-type-post_type menu-item-object-page menu-item-15726\"><a href=\"https:\/\/www.circularmaterials.ca\/fr\/nova-scotia-multi-family-dwelling-registry-for-recycling-collection\/\" class=\"elementor-sub-item\">Multi-family Dwelling Registry<\/a><\/li>\n\t<li class=\"menu-item menu-item-type-post_type menu-item-object-page menu-item-15727\"><a href=\"https:\/\/www.circularmaterials.ca\/fr\/nova-scotia-school-registry-for-recycling-collection\/\" class=\"elementor-sub-item\">School Registry<\/a><\/li>\n\t<li class=\"menu-item menu-item-type-post_type menu-item-object-page menu-item-15728\"><a href=\"https:\/\/www.circularmaterials.ca\/fr\/nova-scotia-campground-registry-for-recycling-collection\/\" class=\"elementor-sub-item\">Campground Registry<\/a><\/li>\n<\/ul>\n<\/li>\n<\/ul>\t\t\t<\/nav>\n\t\t\t\t\t\t<nav class=\"elementor-nav-menu--dropdown elementor-nav-menu__container\" aria-hidden=\"true\">\n\t\t\t\t<ul id=\"menu-2-5788eff\" class=\"elementor-nav-menu\"><li class=\"menu-item menu-item-type-post_type menu-item-object-provincial-programs menu-item-has-children menu-item-15693\"><a href=\"https:\/\/www.circularmaterials.ca\/fr\/provincial-programs\/ns-transition-information\/\" class=\"elementor-item\" tabindex=\"-1\">Recycling in Nova Scotia<\/a>\n<ul class=\"sub-menu elementor-nav-menu--dropdown\">\n\t<li class=\"menu-item menu-item-type-post_type menu-item-object-page menu-item-23986\"><a href=\"https:\/\/www.circularmaterials.ca\/fr\/nsdepots\/\" class=\"elementor-sub-item\" tabindex=\"-1\">Nova Scotia Depots<\/a><\/li>\n<\/ul>\n<\/li>\n<li class=\"menu-item menu-item-type-custom menu-item-object-custom menu-item-has-children menu-item-26616\"><a href=\"#\" class=\"elementor-item elementor-item-anchor\" tabindex=\"-1\">Community Information<\/a>\n<ul class=\"sub-menu elementor-nav-menu--dropdown\">\n\t<li class=\"menu-item menu-item-type-post_type menu-item-object-page menu-item-15721\"><a href=\"https:\/\/www.circularmaterials.ca\/fr\/nova-scotia-consultation\/\" class=\"elementor-sub-item\" tabindex=\"-1\">Consultation Information<\/a><\/li>\n\t<li class=\"menu-item menu-item-type-post_type menu-item-object-page menu-item-15726\"><a href=\"https:\/\/www.circularmaterials.ca\/fr\/nova-scotia-multi-family-dwelling-registry-for-recycling-collection\/\" class=\"elementor-sub-item\" tabindex=\"-1\">Multi-family Dwelling Registry<\/a><\/li>\n\t<li class=\"menu-item menu-item-type-post_type menu-item-object-page menu-item-15727\"><a href=\"https:\/\/www.circularmaterials.ca\/fr\/nova-scotia-school-registry-for-recycling-collection\/\" class=\"elementor-sub-item\" tabindex=\"-1\">School Registry<\/a><\/li>\n\t<li class=\"menu-item menu-item-type-post_type menu-item-object-page menu-item-15728\"><a href=\"https:\/\/www.circularmaterials.ca\/fr\/nova-scotia-campground-registry-for-recycling-collection\/\" class=\"elementor-sub-item\" tabindex=\"-1\">Campground Registry<\/a><\/li>\n<\/ul>\n<\/li>\n<\/ul>\t\t\t<\/nav>\n\t\t\t\t\t\t<\/div>\n\t\t\t\t<\/div>\n\t\t\t\t\t<\/div>\n\t\t\t\t<\/div>\n\t\t<div class=\"elementor-element elementor-element-b76bf0d e-flex e-con-boxed e-con e-parent\" data-id=\"b76bf0d\" data-element_type=\"container\" data-e-type=\"container\">\n\t\t\t\t\t<div class=\"e-con-inner\">\n\t\t<div class=\"elementor-element elementor-element-ca5179a e-con-full e-flex e-con e-child\" data-id=\"ca5179a\" data-element_type=\"container\" data-e-type=\"container\">\n\t\t\t\t<div class=\"elementor-element elementor-element-af1a672 elementor-widget elementor-widget-image\" data-id=\"af1a672\" data-element_type=\"widget\" data-e-type=\"widget\" data-widget_type=\"image.default\">\n\t\t\t\t<div class=\"elementor-widget-container\">\n\t\t\t\t\t\t\t\t\t\t\t\t\t\t\t<img fetchpriority=\"high\" decoding=\"async\" width=\"1500\" height=\"1500\" src=\"https:\/\/www.circularmaterials.ca\/wp-content\/uploads\/2025\/03\/CM_Tag-blue.png\" class=\"attachment-full size-full wp-image-10977\" alt=\"\" srcset=\"https:\/\/www.circularmaterials.ca\/wp-content\/uploads\/2025\/03\/CM_Tag-blue.png 1500w, https:\/\/www.circularmaterials.ca\/wp-content\/uploads\/2025\/03\/CM_Tag-blue-300x300.png 300w, https:\/\/www.circularmaterials.ca\/wp-content\/uploads\/2025\/03\/CM_Tag-blue-1024x1024.png 1024w, https:\/\/www.circularmaterials.ca\/wp-content\/uploads\/2025\/03\/CM_Tag-blue-150x150.png 150w, https:\/\/www.circularmaterials.ca\/wp-content\/uploads\/2025\/03\/CM_Tag-blue-768x768.png 768w, https:\/\/www.circularmaterials.ca\/wp-content\/uploads\/2025\/03\/CM_Tag-blue-700x700.png 700w\" sizes=\"(max-width: 1500px) 100vw, 1500px\" \/>\t\t\t\t\t\t\t\t\t\t\t\t\t\t\t<\/div>\n\t\t\t\t<\/div>\n\t\t\t\t<\/div>\n\t\t<div class=\"elementor-element elementor-element-697ea02 e-con-full e-flex e-con e-child\" data-id=\"697ea02\" data-element_type=\"container\" data-e-type=\"container\">\n\t\t\t\t<div class=\"elementor-element elementor-element-602596a elementor-widget__width-initial elementor-widget elementor-widget-text-editor\" data-id=\"602596a\" data-element_type=\"widget\" data-e-type=\"widget\" data-widget_type=\"text-editor.default\">\n\t\t\t\t<div class=\"elementor-widget-container\">\n\t\t\t\t\t\t\t\t\t<h3>Recycling is now available in your school!<\/h3>\n<p>As of December 1, 2025, schools across Nova Scotia can now recycle packaging and paper products through the province&#8217;s extended producer recycling program.&nbsp;<\/p>\t\t\t\t\t\t\t\t<\/div>\n\t\t\t\t<\/div>\n\t\t\t\t<\/div>\n\t\t\t\t\t<\/div>\n\t\t\t\t<\/div>\n\t\t<div class=\"elementor-element elementor-element-6c61648 e-flex e-con-boxed e-con e-parent\" data-id=\"6c61648\" data-element_type=\"container\" data-e-type=\"container\">\n\t\t\t\t\t<div class=\"e-con-inner\">\n\t\t\t\t<div class=\"elementor-element elementor-element-0b030aa elementor-widget elementor-widget-text-editor\" data-id=\"0b030aa\" data-element_type=\"widget\" data-e-type=\"widget\" data-widget_type=\"text-editor.default\">\n\t\t\t\t<div class=\"elementor-widget-container\">\n\t\t\t\t\t\t\t\t\t<h2>Resources for recycling education in your school<\/h2>\t\t\t\t\t\t\t\t<\/div>\n\t\t\t\t<\/div>\n\t\t\t\t\t<\/div>\n\t\t\t\t<\/div>\n\t\t<div class=\"elementor-element elementor-element-e88bef3 e-flex e-con-boxed e-con e-parent\" data-id=\"e88bef3\" data-element_type=\"container\" data-e-type=\"container\">\n\t\t\t\t\t<div class=\"e-con-inner\">\n\t\t\t\t<div class=\"elementor-element elementor-element-8228011 elementor-widget elementor-widget-image\" data-id=\"8228011\" data-element_type=\"widget\" data-e-type=\"widget\" data-widget_type=\"image.default\">\n\t\t\t\t<div class=\"elementor-widget-container\">\n\t\t\t\t\t\t\t\t\t\t\t\t\t\t\t<img decoding=\"async\" width=\"663\" height=\"1024\" src=\"https:\/\/www.circularmaterials.ca\/wp-content\/uploads\/2025\/11\/NS-Schools-What-can-you-recycle-ENG-663x1024.png\" class=\"attachment-large size-large wp-image-25044\" alt=\"\" srcset=\"https:\/\/www.circularmaterials.ca\/wp-content\/uploads\/2025\/11\/NS-Schools-What-can-you-recycle-ENG-663x1024.png 663w, https:\/\/www.circularmaterials.ca\/wp-content\/uploads\/2025\/11\/NS-Schools-What-can-you-recycle-ENG-194x300.png 194w, https:\/\/www.circularmaterials.ca\/wp-content\/uploads\/2025\/11\/NS-Schools-What-can-you-recycle-ENG-768x1187.png 768w, https:\/\/www.circularmaterials.ca\/wp-content\/uploads\/2025\/11\/NS-Schools-What-can-you-recycle-ENG-994x1536.png 994w, https:\/\/www.circularmaterials.ca\/wp-content\/uploads\/2025\/11\/NS-Schools-What-can-you-recycle-ENG-8x12.png 8w, https:\/\/www.circularmaterials.ca\/wp-content\/uploads\/2025\/11\/NS-Schools-What-can-you-recycle-ENG.png 1294w\" sizes=\"(max-width: 663px) 100vw, 663px\" \/>\t\t\t\t\t\t\t\t\t\t\t\t\t\t\t<\/div>\n\t\t\t\t<\/div>\n\t\t\t\t<div class=\"elementor-element elementor-element-93db915 elementor-widget elementor-widget-image\" data-id=\"93db915\" data-element_type=\"widget\" data-e-type=\"widget\" data-widget_type=\"image.default\">\n\t\t\t\t<div class=\"elementor-widget-container\">\n\t\t\t\t\t\t\t\t\t\t\t\t\t\t\t<img loading=\"lazy\" decoding=\"async\" width=\"663\" height=\"1024\" src=\"https:\/\/www.circularmaterials.ca\/wp-content\/uploads\/2025\/11\/NS-Schools-Dual-EN-663x1024.png\" class=\"attachment-large size-large wp-image-25040\" alt=\"\" srcset=\"https:\/\/www.circularmaterials.ca\/wp-content\/uploads\/2025\/11\/NS-Schools-Dual-EN-663x1024.png 663w, https:\/\/www.circularmaterials.ca\/wp-content\/uploads\/2025\/11\/NS-Schools-Dual-EN-194x300.png 194w, https:\/\/www.circularmaterials.ca\/wp-content\/uploads\/2025\/11\/NS-Schools-Dual-EN-768x1187.png 768w, https:\/\/www.circularmaterials.ca\/wp-content\/uploads\/2025\/11\/NS-Schools-Dual-EN-994x1536.png 994w, https:\/\/www.circularmaterials.ca\/wp-content\/uploads\/2025\/11\/NS-Schools-Dual-EN-8x12.png 8w, https:\/\/www.circularmaterials.ca\/wp-content\/uploads\/2025\/11\/NS-Schools-Dual-EN.png 1294w\" sizes=\"(max-width: 663px) 100vw, 663px\" \/>\t\t\t\t\t\t\t\t\t\t\t\t\t\t\t<\/div>\n\t\t\t\t<\/div>\n\t\t\t\t<div class=\"elementor-element elementor-element-1698660 elementor-widget elementor-widget-image\" data-id=\"1698660\" data-element_type=\"widget\" data-e-type=\"widget\" data-widget_type=\"image.default\">\n\t\t\t\t<div class=\"elementor-widget-container\">\n\t\t\t\t\t\t\t\t\t\t\t\t\t\t\t<img loading=\"lazy\" decoding=\"async\" width=\"663\" height=\"1024\" src=\"https:\/\/www.circularmaterials.ca\/wp-content\/uploads\/2025\/11\/NS-Schools-Fibres-663x1024.png\" class=\"attachment-large size-large wp-image-25043\" alt=\"\" srcset=\"https:\/\/www.circularmaterials.ca\/wp-content\/uploads\/2025\/11\/NS-Schools-Fibres-663x1024.png 663w, https:\/\/www.circularmaterials.ca\/wp-content\/uploads\/2025\/11\/NS-Schools-Fibres-194x300.png 194w, https:\/\/www.circularmaterials.ca\/wp-content\/uploads\/2025\/11\/NS-Schools-Fibres-768x1187.png 768w, https:\/\/www.circularmaterials.ca\/wp-content\/uploads\/2025\/11\/NS-Schools-Fibres-994x1536.png 994w, https:\/\/www.circularmaterials.ca\/wp-content\/uploads\/2025\/11\/NS-Schools-Fibres-8x12.png 8w, https:\/\/www.circularmaterials.ca\/wp-content\/uploads\/2025\/11\/NS-Schools-Fibres.png 1294w\" sizes=\"(max-width: 663px) 100vw, 663px\" \/>\t\t\t\t\t\t\t\t\t\t\t\t\t\t\t<\/div>\n\t\t\t\t<\/div>\n\t\t\t\t<div class=\"elementor-element elementor-element-55e91a4 elementor-widget elementor-widget-image\" data-id=\"55e91a4\" data-element_type=\"widget\" data-e-type=\"widget\" data-widget_type=\"image.default\">\n\t\t\t\t<div class=\"elementor-widget-container\">\n\t\t\t\t\t\t\t\t\t\t\t\t\t\t\t<img loading=\"lazy\" decoding=\"async\" width=\"663\" height=\"1024\" src=\"https:\/\/www.circularmaterials.ca\/wp-content\/uploads\/2025\/11\/NS-Schools-Containers-EN-663x1024.png\" class=\"attachment-large size-large wp-image-25038\" alt=\"\" srcset=\"https:\/\/www.circularmaterials.ca\/wp-content\/uploads\/2025\/11\/NS-Schools-Containers-EN-663x1024.png 663w, https:\/\/www.circularmaterials.ca\/wp-content\/uploads\/2025\/11\/NS-Schools-Containers-EN-194x300.png 194w, https:\/\/www.circularmaterials.ca\/wp-content\/uploads\/2025\/11\/NS-Schools-Containers-EN-768x1187.png 768w, https:\/\/www.circularmaterials.ca\/wp-content\/uploads\/2025\/11\/NS-Schools-Containers-EN-994x1536.png 994w, https:\/\/www.circularmaterials.ca\/wp-content\/uploads\/2025\/11\/NS-Schools-Containers-EN-8x12.png 8w, https:\/\/www.circularmaterials.ca\/wp-content\/uploads\/2025\/11\/NS-Schools-Containers-EN.png 1294w\" sizes=\"(max-width: 663px) 100vw, 663px\" \/>\t\t\t\t\t\t\t\t\t\t\t\t\t\t\t<\/div>\n\t\t\t\t<\/div>\n\t\t\t\t\t<\/div>\n\t\t\t\t<\/div>\n\t\t<div class=\"elementor-element elementor-element-4b96b42 e-flex e-con-boxed e-con e-parent\" data-id=\"4b96b42\" data-element_type=\"container\" data-e-type=\"container\">\n\t\t\t\t\t<div class=\"e-con-inner\">\n\t\t\t\t<div class=\"elementor-element elementor-element-5f89b1a elementor-widget elementor-widget-text-editor\" data-id=\"5f89b1a\" data-element_type=\"widget\" data-e-type=\"widget\" data-widget_type=\"text-editor.default\">\n\t\t\t\t<div class=\"elementor-widget-container\">\n\t\t\t\t\t\t\t\t\t<p><em><a href=\"https:\/\/www.circularmaterials.ca\/wp-content\/uploads\/2025\/11\/Recycling-Guide-Posters-for-NS-Schools-FR.pdf\">Cliquez ici pour t\u00e9l\u00e9charger les affiches en fran\u00e7ais.<\/a><\/em><\/p>\t\t\t\t\t\t\t\t<\/div>\n\t\t\t\t<\/div>\n\t\t\t\t\t<\/div>\n\t\t\t\t<\/div>\n\t\t<div class=\"elementor-element elementor-element-202a13b e-con-full e-flex e-con e-parent\" data-id=\"202a13b\" data-element_type=\"container\" data-e-type=\"container\">\n\t\t\t\t<div class=\"elementor-element elementor-element-ef56c9a elementor-widget elementor-widget-template\" data-id=\"ef56c9a\" data-element_type=\"widget\" data-e-type=\"widget\" data-widget_type=\"template.default\">\n\t\t\t\t<div class=\"elementor-widget-container\">\n\t\t\t\t\t\t\t<div class=\"elementor-template\">\n\t\t\t\t\t<div data-elementor-type=\"container\" data-elementor-id=\"19881\" class=\"elementor elementor-19881\" data-elementor-post-type=\"elementor_library\">\n\t\t\t\t<div class=\"elementor-element elementor-element-55e5037c e-flex e-con-boxed e-con e-parent\" data-id=\"55e5037c\" data-element_type=\"container\" data-e-type=\"container\" data-settings=\"{&quot;background_background&quot;:&quot;classic&quot;}\">\n\t\t\t\t\t<div class=\"e-con-inner\">\n\t\t<div class=\"elementor-element elementor-element-37a5943f e-con-full e-flex e-con e-child\" data-id=\"37a5943f\" data-element_type=\"container\" data-e-type=\"container\" data-settings=\"{&quot;background_background&quot;:&quot;classic&quot;}\">\n\t\t\t\t<div class=\"elementor-element elementor-element-678a6057 elementor-widget elementor-widget-heading\" data-id=\"678a6057\" data-element_type=\"widget\" data-e-type=\"widget\" data-widget_type=\"heading.default\">\n\t\t\t\t<div class=\"elementor-widget-container\">\n\t\t\t\t\t<h2 class=\"elementor-heading-title elementor-size-default\">Learn more about recycling<\/h2>\t\t\t\t<\/div>\n\t\t\t\t<\/div>\n\t\t\t\t<div class=\"elementor-element elementor-element-4e74d3d1 elementor-widget elementor-widget-text-editor\" data-id=\"4e74d3d1\" data-element_type=\"widget\" data-e-type=\"widget\" data-widget_type=\"text-editor.default\">\n\t\t\t\t<div class=\"elementor-widget-container\">\n\t\t\t\t\t\t\t\t\t<p>Find more resources about recycling in your province.<\/p>\t\t\t\t\t\t\t\t<\/div>\n\t\t\t\t<\/div>\n\t\t\t\t<div class=\"elementor-element elementor-element-4b41d5ba elementor-align-center elementor-widget elementor-widget-button\" data-id=\"4b41d5ba\" data-element_type=\"widget\" data-e-type=\"widget\" data-widget_type=\"button.default\">\n\t\t\t\t<div class=\"elementor-widget-container\">\n\t\t\t\t\t\t\t\t\t<div class=\"elementor-button-wrapper\">\n\t\t\t\t\t<a class=\"elementor-button elementor-button-link elementor-size-sm\" href=\"https:\/\/www.circularmaterials.ca\/recycle\/\">\n\t\t\t\t\t\t<span class=\"elementor-button-content-wrapper\">\n\t\t\t\t\t\t<span class=\"elementor-button-icon\">\n\t\t\t\t<svg aria-hidden=\"true\" class=\"e-font-icon-svg e-fas-arrow-right\" viewBox=\"0 0 448 512\" xmlns=\"http:\/\/www.w3.org\/2000\/svg\"><path d=\"M190.5 66.9l22.2-22.2c9.4-9.4 24.6-9.4 33.9 0L441 239c9.4 9.4 9.4 24.6 0 33.9L246.6 467.3c-9.4 9.4-24.6 9.4-33.9 0l-22.2-22.2c-9.5-9.5-9.3-25 .4-34.3L311.4 296H24c-13.3 0-24-10.7-24-24v-32c0-13.3 10.7-24 24-24h287.4L190.9 101.2c-9.8-9.3-10-24.8-.4-34.3z\"><\/path><\/svg>\t\t\t<\/span>\n\t\t\t\t\t\t\t\t\t<span class=\"elementor-button-text\">Resident recycling<\/span>\n\t\t\t\t\t<\/span>\n\t\t\t\t\t<\/a>\n\t\t\t\t<\/div>\n\t\t\t\t\t\t\t\t<\/div>\n\t\t\t\t<\/div>\n\t\t\t\t<\/div>\n\t\t\t\t\t<\/div>\n\t\t\t\t<\/div>\n\t\t\t\t<\/div>\n\t\t\t\t<\/div>\n\t\t\t\t\t\t<\/div>\n\t\t\t\t<\/div>\n\t\t\t\t<\/div>\n\t\t\t\t<\/div>\n\t\t","protected":false},"excerpt":{"rendered":"<p>NS \u00c9cole Recyclage en Nouvelle-\u00c9cosse Le recyclage est maintenant disponible dans votre \u00e9cole ! \u00c0 compter du 1er d\u00e9cembre 2025, les \u00e9coles de toute la Nouvelle-\u00c9cosse peuvent d\u00e9sormais recycler les emballages et les produits en papier gr\u00e2ce au programme de recyclage \u00e0 responsabilit\u00e9 \u00e9largie du producteur de la province. Ressources pour l'\u00e9ducation au recyclage dans votre \u00e9cole Cliquez ici pour t\u00e9l\u00e9charger les affiches en fran\u00e7ais.<\/p>","protected":false},"author":12,"featured_media":0,"parent":0,"menu_order":0,"comment_status":"closed","ping_status":"closed","template":"","meta":{"_acf_changed":false,"inline_featured_image":false,"footnotes":""},"class_list":["post-25036","page","type-page","status-publish","hentry"],"acf":[],"aioseo_notices":[],"_links":{"self":[{"href":"https:\/\/www.circularmaterials.ca\/fr\/wp-json\/wp\/v2\/pages\/25036","targetHints":{"allow":["GET"]}}],"collection":[{"href":"https:\/\/www.circularmaterials.ca\/fr\/wp-json\/wp\/v2\/pages"}],"about":[{"href":"https:\/\/www.circularmaterials.ca\/fr\/wp-json\/wp\/v2\/types\/page"}],"author":[{"embeddable":true,"href":"https:\/\/www.circularmaterials.ca\/fr\/wp-json\/wp\/v2\/users\/12"}],"replies":[{"embeddable":true,"href":"https:\/\/www.circularmaterials.ca\/fr\/wp-json\/wp\/v2\/comments?post=25036"}],"version-history":[{"count":7,"href":"https:\/\/www.circularmaterials.ca\/fr\/wp-json\/wp\/v2\/pages\/25036\/revisions"}],"predecessor-version":[{"id":27471,"href":"https:\/\/www.circularmaterials.ca\/fr\/wp-json\/wp\/v2\/pages\/25036\/revisions\/27471"}],"wp:attachment":[{"href":"https:\/\/www.circularmaterials.ca\/fr\/wp-json\/wp\/v2\/media?parent=25036"}],"curies":[{"name":"wp","href":"https:\/\/api.w.org\/{rel}","templated":true}]}}