{"id":24244,"date":"2025-11-19T12:20:06","date_gmt":"2025-11-19T17:20:06","guid":{"rendered":"https:\/\/www.circularmaterials.ca\/?page_id=24244"},"modified":"2026-03-30T18:20:44","modified_gmt":"2026-03-30T22:20:44","slug":"podcast","status":"publish","type":"page","link":"https:\/\/www.circularmaterials.ca\/fr\/podcast\/","title":{"rendered":"The Circular Exchange [L\u2019\u00c9change circulaire],"},"content":{"rendered":"\t\t<div data-elementor-type=\"wp-page\" data-elementor-id=\"24244\" class=\"elementor elementor-24244\" data-elementor-post-type=\"page\">\n\t\t\t\t<div data-dce-background-color=\"#004876\" data-dce-background-overlay-color=\"#004876\" data-dce-background-image-url=\"https:\/\/www.circularmaterials.ca\/wp-content\/uploads\/2025\/11\/Circular-Exchange-Allen-in-studio-scaled.jpg\" class=\"elementor-element elementor-element-6093502 e-flex e-con-boxed e-con e-parent\" data-id=\"6093502\" data-element_type=\"container\" data-e-type=\"container\" data-settings=\"{&quot;background_background&quot;:&quot;classic&quot;,&quot;background_motion_fx_motion_fx_scrolling&quot;:&quot;yes&quot;,&quot;background_motion_fx_blur_effect&quot;:&quot;yes&quot;,&quot;background_motion_fx_blur_level&quot;:{&quot;unit&quot;:&quot;px&quot;,&quot;size&quot;:4,&quot;sizes&quot;:[]},&quot;background_motion_fx_blur_direction&quot;:&quot;out-in&quot;,&quot;background_motion_fx_blur_range&quot;:{&quot;unit&quot;:&quot;%&quot;,&quot;size&quot;:&quot;&quot;,&quot;sizes&quot;:{&quot;start&quot;:20,&quot;end&quot;:80}},&quot;background_motion_fx_devices&quot;:[&quot;desktop&quot;,&quot;tablet&quot;,&quot;mobile&quot;]}\">\n\t\t\t\t\t<div class=\"e-con-inner\">\n\t\t<div class=\"elementor-element elementor-element-d5200b2 e-con-full e-flex e-con e-child\" data-id=\"d5200b2\" data-element_type=\"container\" data-e-type=\"container\">\n\t\t\t\t<div class=\"elementor-element elementor-element-42b7a4e elementor-widget__width-inherit elementor-widget elementor-widget-heading\" data-id=\"42b7a4e\" data-element_type=\"widget\" data-e-type=\"widget\" data-widget_type=\"heading.default\">\n\t\t\t\t<div class=\"elementor-widget-container\">\n\t\t\t\t\t<h2 class=\"elementor-heading-title elementor-size-default\">The Circular Exchange<\/h2>\t\t\t\t<\/div>\n\t\t\t\t<\/div>\n\t\t\t\t<div data-dce-title-color=\"#FFFFFF\" class=\"elementor-element elementor-element-19404f3 elementor-widget__width-initial elementor-widget elementor-widget-heading\" data-id=\"19404f3\" data-element_type=\"widget\" data-e-type=\"widget\" data-widget_type=\"heading.default\">\n\t\t\t\t<div class=\"elementor-widget-container\">\n\t\t\t\t\t<h2 class=\"elementor-heading-title elementor-size-default\">Conversations about recycling and the circular economy.<\/h2>\t\t\t\t<\/div>\n\t\t\t\t<\/div>\n\t\t\t\t<\/div>\n\t\t\t\t\t<\/div>\n\t\t\t\t<\/div>\n\t\t<div class=\"elementor-element elementor-element-755881b e-flex e-con-boxed e-con e-parent\" data-id=\"755881b\" data-element_type=\"container\" data-e-type=\"container\">\n\t\t\t\t\t<div class=\"e-con-inner\">\n\t\t\t\t<div class=\"elementor-element elementor-element-d2880c0 elementor-widget elementor-widget-text-editor\" data-id=\"d2880c0\" data-element_type=\"widget\" data-e-type=\"widget\" data-widget_type=\"text-editor.default\">\n\t\t\t\t<div class=\"elementor-widget-container\">\n\t\t\t\t\t\t\t\t\t<p>Welcome to The Circular Exchange with Circular Materials, a podcast hosted by Allen Langdon (CEO, Circular Materials) where leaders come together to shape the future of the circular economy. In each episode, we are bringing you conversations with the people driving progress and innovation in recycling and extended producer responsibility across Canada. Together, we\u2019re exploring what it takes to build a system that supports people and the planet.\u00a0<\/p><p>Listen on\u00a0<a href=\"https:\/\/open.spotify.com\/show\/21rnWIRhnqI4XJEsTJA515\" target=\"_blank\" rel=\"noopener\">Spotify<\/a>\u00a0|\u00a0Listen on\u00a0<a href=\"https:\/\/podcasts.apple.com\/podcast\/id1853675815\" target=\"_blank\" rel=\"noopener\">Apple Podcasts<\/a><\/p>\t\t\t\t\t\t\t\t<\/div>\n\t\t\t\t<\/div>\n\t\t\t\t\t<\/div>\n\t\t\t\t<\/div>\n\t\t<div class=\"elementor-element elementor-element-71c9165 e-flex e-con-boxed e-con e-child\" data-id=\"71c9165\" data-element_type=\"container\" data-e-type=\"container\">\n\t\t\t\t\t<div class=\"e-con-inner\">\n\t\t<div class=\"elementor-element elementor-element-4dbc1fc e-con-full e-flex e-con e-child\" data-id=\"4dbc1fc\" data-element_type=\"container\" data-e-type=\"container\">\n\t\t\t\t<div class=\"elementor-element elementor-element-86c3893 elementor-widget elementor-widget-video\" data-id=\"86c3893\" data-element_type=\"widget\" data-e-type=\"widget\" data-settings=\"{&quot;youtube_url&quot;:&quot;https:\\\/\\\/youtu.be\\\/efqth4NWy3I?si=MQ6myyII6K6Bdwv6&quot;,&quot;video_type&quot;:&quot;youtube&quot;,&quot;controls&quot;:&quot;yes&quot;}\" data-widget_type=\"video.default\">\n\t\t\t\t<div class=\"elementor-widget-container\">\n\t\t\t\t\t\t\t<div class=\"elementor-wrapper elementor-open-inline\">\n\t\t\t<div class=\"elementor-video\"><\/div>\t\t<\/div>\n\t\t\t\t\t\t<\/div>\n\t\t\t\t<\/div>\n\t\t\t\t<\/div>\n\t\t<div class=\"elementor-element elementor-element-a0015af e-con-full e-flex e-con e-child\" data-id=\"a0015af\" data-element_type=\"container\" data-e-type=\"container\">\n\t\t\t\t<div data-dce-title-color=\"#004876\" class=\"elementor-element elementor-element-c80917f elementor-widget elementor-widget-heading\" data-id=\"c80917f\" data-element_type=\"widget\" data-e-type=\"widget\" data-widget_type=\"heading.default\">\n\t\t\t\t<div class=\"elementor-widget-container\">\n\t\t\t\t\t<h3 class=\"elementor-heading-title elementor-size-default\">The Circular Exchange<br>Episode 3 | Stronger Together: Collaboration with Local Communities in New Brunswick<\/h3>\t\t\t\t<\/div>\n\t\t\t\t<\/div>\n\t\t\t\t<div class=\"elementor-element elementor-element-57fe2a7 elementor-widget elementor-widget-text-editor\" data-id=\"57fe2a7\" data-element_type=\"widget\" data-e-type=\"widget\" data-widget_type=\"text-editor.default\">\n\t\t\t\t<div class=\"elementor-widget-container\">\n\t\t\t\t\t\t\t\t\t<p>Collaboration with municipalities and First Nation communities is key to a successful transition to extended producer responsibility (EPR). This episode explores the diverse experiences of municipal and First Nation leaders as they support the transition of recycling from communities to producers under EPR for packaging and paper. From the early days of understanding EPR to the tangible benefits and learnings, these community leaders share valuable insights on how EPR is shaping the future of local recycling programs and how residents are responding. This conversation highlights the critical role of collaboration and community engagement in building a sustainable circular economy.<\/p>\t\t\t\t\t\t\t\t<\/div>\n\t\t\t\t<\/div>\n\t\t\t\t<\/div>\n\t\t\t\t\t<\/div>\n\t\t\t\t<\/div>\n\t\t<div class=\"elementor-element elementor-element-45c060e e-flex e-con-boxed e-con e-parent\" data-id=\"45c060e\" data-element_type=\"container\" data-e-type=\"container\">\n\t\t\t\t\t<div class=\"e-con-inner\">\n\t\t\t\t<div class=\"elementor-element elementor-element-a0245cd elementor-widget elementor-widget-heading\" data-id=\"a0245cd\" data-element_type=\"widget\" data-e-type=\"widget\" data-widget_type=\"heading.default\">\n\t\t\t\t<div class=\"elementor-widget-container\">\n\t\t\t\t\t<h2 class=\"elementor-heading-title elementor-size-default\">Episode archive<\/h2>\t\t\t\t<\/div>\n\t\t\t\t<\/div>\n\t\t\t\t<div class=\"elementor-element elementor-element-6aba991 elementor-widget elementor-widget-text-editor\" data-id=\"6aba991\" data-element_type=\"widget\" data-e-type=\"widget\" data-widget_type=\"text-editor.default\">\n\t\t\t\t<div class=\"elementor-widget-container\">\n\t\t\t\t\t\t\t\t\t<p>Find a <a href=\"https:\/\/youtube.com\/playlist?list=PL9Hg02bG4DH05xR6Vx0imz3cY3sxsuCbj&amp;si=2uvNSElu_m80fQFY\" target=\"_blank\" rel=\"noopener\">playlist<\/a> for the latest video episodes of The Circular Exchange here! Or listen to us on <a href=\"https:\/\/podcasts.apple.com\/podcast\/id1853675815\" target=\"_blank\" rel=\"noopener\">Apple Podcasts<\/a> and <a href=\"https:\/\/open.spotify.com\/show\/21rnWIRhnqI4XJEsTJA515\" target=\"_blank\" rel=\"noopener\">Spotify<\/a>.<\/p>\t\t\t\t\t\t\t\t<\/div>\n\t\t\t\t<\/div>\n\t\t<div class=\"elementor-element elementor-element-de120c4 e-con-full e-flex e-con e-child\" data-id=\"de120c4\" data-element_type=\"container\" data-e-type=\"container\">\n\t\t\t\t<div class=\"elementor-element elementor-element-d35ac69 elementor-widget elementor-widget-html\" data-id=\"d35ac69\" data-element_type=\"widget\" data-e-type=\"widget\" data-widget_type=\"html.default\">\n\t\t\t\t<div class=\"elementor-widget-container\">\n\t\t\t\t\t<iframe width=\"560\" height=\"315\" src=\"https:\/\/www.youtube.com\/embed\/videoseries?si=icKIf_15QdiOmPNQ&amp;list=PL9Hg02bG4DH05xR6Vx0imz3cY3sxsuCbj\" title=\"YouTube video player\" frameborder=\"0\" allow=\"accelerometer; autoplay; clipboard-write; encrypted-media; gyroscope; picture-in-picture; web-share\" referrerpolicy=\"strict-origin-when-cross-origin\" allowfullscreen><\/iframe>\t\t\t\t<\/div>\n\t\t\t\t<\/div>\n\t\t\t\t<\/div>\n\t\t\t\t\t<\/div>\n\t\t\t\t<\/div>\n\t\t\t\t<\/div>\n\t\t","protected":false},"excerpt":{"rendered":"<p>L'\u00e9change circulaire est pr\u00e9sent\u00e9 par Circular Materials, anim\u00e9 par Allen Langdon, et explore l'avenir de la REP, du recyclage et de l'\u00e9conomie circulaire.<\/p>","protected":false},"author":12,"featured_media":0,"parent":0,"menu_order":0,"comment_status":"closed","ping_status":"closed","template":"elementor_header_footer","meta":{"_acf_changed":false,"inline_featured_image":false,"footnotes":""},"class_list":["post-24244","page","type-page","status-publish","hentry"],"acf":[],"aioseo_notices":[],"_links":{"self":[{"href":"https:\/\/www.circularmaterials.ca\/fr\/wp-json\/wp\/v2\/pages\/24244","targetHints":{"allow":["GET"]}}],"collection":[{"href":"https:\/\/www.circularmaterials.ca\/fr\/wp-json\/wp\/v2\/pages"}],"about":[{"href":"https:\/\/www.circularmaterials.ca\/fr\/wp-json\/wp\/v2\/types\/page"}],"author":[{"embeddable":true,"href":"https:\/\/www.circularmaterials.ca\/fr\/wp-json\/wp\/v2\/users\/12"}],"replies":[{"embeddable":true,"href":"https:\/\/www.circularmaterials.ca\/fr\/wp-json\/wp\/v2\/comments?post=24244"}],"version-history":[{"count":42,"href":"https:\/\/www.circularmaterials.ca\/fr\/wp-json\/wp\/v2\/pages\/24244\/revisions"}],"predecessor-version":[{"id":27733,"href":"https:\/\/www.circularmaterials.ca\/fr\/wp-json\/wp\/v2\/pages\/24244\/revisions\/27733"}],"wp:attachment":[{"href":"https:\/\/www.circularmaterials.ca\/fr\/wp-json\/wp\/v2\/media?parent=24244"}],"curies":[{"name":"wp","href":"https:\/\/api.w.org\/{rel}","templated":true}]}}