{"id":23764,"date":"2025-10-21T20:36:23","date_gmt":"2025-10-22T00:36:23","guid":{"rendered":"https:\/\/www.circularmaterials.ca\/?page_id=23764"},"modified":"2025-10-22T16:17:48","modified_gmt":"2025-10-22T20:17:48","slug":"schoolrecycling","status":"publish","type":"page","link":"https:\/\/www.circularmaterials.ca\/fr\/schoolrecycling\/","title":{"rendered":"Circular Materials Recyclage scolaire"},"content":{"rendered":"\t\t<div data-elementor-type=\"wp-page\" data-elementor-id=\"23764\" class=\"elementor elementor-23764\" data-elementor-post-type=\"page\">\n\t\t\t\t<div data-dce-background-image-url=\"https:\/\/www.circularmaterials.ca\/wp-content\/uploads\/2025\/05\/Copy-of-Administrator-PRO-July-EN.pdf-4.png\" class=\"elementor-element elementor-element-70a2457 e-flex e-con-boxed e-con e-parent\" data-id=\"70a2457\" data-element_type=\"container\" data-e-type=\"container\" data-settings=\"{&quot;background_background&quot;:&quot;classic&quot;,&quot;background_motion_fx_motion_fx_scrolling&quot;:&quot;yes&quot;,&quot;background_motion_fx_devices&quot;:[&quot;desktop&quot;,&quot;tablet&quot;,&quot;mobile&quot;]}\">\n\t\t\t\t\t<div class=\"e-con-inner\">\n\t\t<div class=\"elementor-element elementor-element-fb93c6d e-con-full e-flex e-con e-child\" data-id=\"fb93c6d\" data-element_type=\"container\" data-e-type=\"container\">\n\t\t\t\t<div class=\"elementor-element elementor-element-9eb7f60 elementor-widget elementor-widget-heading\" data-id=\"9eb7f60\" data-element_type=\"widget\" data-e-type=\"widget\" data-widget_type=\"heading.default\">\n\t\t\t\t<div class=\"elementor-widget-container\">\n\t\t\t\t\t<h2 class=\"elementor-heading-title elementor-size-default\">School recycling<\/h2>\t\t\t\t<\/div>\n\t\t\t\t<\/div>\n\t\t\t\t<div data-dce-title-color=\"#FFFFFF\" class=\"elementor-element elementor-element-4290d61 elementor-widget elementor-widget-heading\" data-id=\"4290d61\" data-element_type=\"widget\" data-e-type=\"widget\" data-widget_type=\"heading.default\">\n\t\t\t\t<div class=\"elementor-widget-container\">\n\t\t\t\t\t<h2 class=\"elementor-heading-title elementor-size-default\">Find information about Circular Materials school recycling programs in your region.<\/h2>\t\t\t\t<\/div>\n\t\t\t\t<\/div>\n\t\t\t\t<\/div>\n\t\t\t\t\t<\/div>\n\t\t\t\t<\/div>\n\t\t<div class=\"elementor-element elementor-element-541fb94 e-flex e-con-boxed e-con e-child\" data-id=\"541fb94\" data-element_type=\"container\" data-e-type=\"container\">\n\t\t\t\t\t<div class=\"e-con-inner\">\n\t\t<div class=\"elementor-element elementor-element-c995fea e-con-full e-flex e-con e-child\" data-id=\"c995fea\" data-element_type=\"container\" data-e-type=\"container\">\n\t\t\t\t<div data-dce-title-color=\"#004876\" class=\"elementor-element elementor-element-3ca6594 elementor-widget elementor-widget-heading\" data-id=\"3ca6594\" data-element_type=\"widget\" data-e-type=\"widget\" data-widget_type=\"heading.default\">\n\t\t\t\t<div class=\"elementor-widget-container\">\n\t\t\t\t\t<h3 class=\"elementor-heading-title elementor-size-default\">Click on your region to learn more<\/h3>\t\t\t\t<\/div>\n\t\t\t\t<\/div>\n\t\t\t\t<\/div>\n\t\t\t\t\t<\/div>\n\t\t\t\t<\/div>\n\t\t<div class=\"elementor-element elementor-element-23049df e-grid e-con-boxed e-con e-parent\" data-id=\"23049df\" data-element_type=\"container\" data-e-type=\"container\">\n\t\t\t\t\t<div class=\"e-con-inner\">\n\t\t<a class=\"elementor-element elementor-element-686dc0b e-con-full e-flex e-con e-child\" data-id=\"686dc0b\" data-element_type=\"container\" data-e-type=\"container\" data-settings=\"{&quot;background_background&quot;:&quot;classic&quot;}\" href=\"https:\/\/forms.circularmaterials.ca\/form\/250965062164255\">\n\t\t\t\t<div class=\"elementor-element elementor-element-758b006 elementor-widget elementor-widget-image\" data-id=\"758b006\" data-element_type=\"widget\" data-e-type=\"widget\" data-widget_type=\"image.default\">\n\t\t\t\t<div class=\"elementor-widget-container\">\n\t\t\t\t\t\t\t\t\t\t\t\t\t\t\t<img fetchpriority=\"high\" decoding=\"async\" width=\"600\" height=\"600\" src=\"https:\/\/www.circularmaterials.ca\/wp-content\/uploads\/2025\/08\/Ontario-600px.png\" class=\"attachment-large size-large wp-image-21840\" alt=\"\" srcset=\"https:\/\/www.circularmaterials.ca\/wp-content\/uploads\/2025\/08\/Ontario-600px.png 600w, https:\/\/www.circularmaterials.ca\/wp-content\/uploads\/2025\/08\/elementor\/thumbs\/Ontario-600px-ragj3zzkdx2r8gagmiguuenww7kpps5ry4p8zn9wag.png 300w, https:\/\/www.circularmaterials.ca\/wp-content\/uploads\/2025\/08\/Ontario-600px-150x150.png 150w, https:\/\/www.circularmaterials.ca\/wp-content\/uploads\/2025\/08\/Ontario-600px-12x12.png 12w\" sizes=\"(max-width: 600px) 100vw, 600px\" \/>\t\t\t\t\t\t\t\t\t\t\t\t\t\t\t<\/div>\n\t\t\t\t<\/div>\n\t\t\t\t<div class=\"elementor-element elementor-element-ae6f5b6 elementor-widget elementor-widget-heading\" data-id=\"ae6f5b6\" data-element_type=\"widget\" data-e-type=\"widget\" data-widget_type=\"heading.default\">\n\t\t\t\t<div class=\"elementor-widget-container\">\n\t\t\t\t\t<h2 class=\"elementor-heading-title elementor-size-default\">Ontario<\/h2>\t\t\t\t<\/div>\n\t\t\t\t<\/div>\n\t\t\t\t<\/a>\n\t\t<a class=\"elementor-element elementor-element-453ca9e e-con-full e-flex e-con e-child\" data-id=\"453ca9e\" data-element_type=\"container\" data-e-type=\"container\" data-settings=\"{&quot;background_background&quot;:&quot;classic&quot;}\" href=\"https:\/\/www.circularmaterials.ca\/school-recycling-in-new-brunswick\/\">\n\t\t\t\t<div class=\"elementor-element elementor-element-4ad0ec2 elementor-widget elementor-widget-image\" data-id=\"4ad0ec2\" data-element_type=\"widget\" data-e-type=\"widget\" data-widget_type=\"image.default\">\n\t\t\t\t<div class=\"elementor-widget-container\">\n\t\t\t\t\t\t\t\t\t\t\t\t\t\t\t<img decoding=\"async\" width=\"600\" height=\"600\" src=\"https:\/\/www.circularmaterials.ca\/wp-content\/uploads\/2025\/08\/New-Brunswick-600px.png\" class=\"attachment-large size-large wp-image-21838\" alt=\"\" srcset=\"https:\/\/www.circularmaterials.ca\/wp-content\/uploads\/2025\/08\/New-Brunswick-600px.png 600w, https:\/\/www.circularmaterials.ca\/wp-content\/uploads\/2025\/08\/elementor\/thumbs\/New-Brunswick-600px-ragj3nrnx2m11is7lv6pfzqx678xxpt9kg7xr1s0jc.png 300w, https:\/\/www.circularmaterials.ca\/wp-content\/uploads\/2025\/08\/New-Brunswick-600px-150x150.png 150w, https:\/\/www.circularmaterials.ca\/wp-content\/uploads\/2025\/08\/New-Brunswick-600px-12x12.png 12w\" sizes=\"(max-width: 600px) 100vw, 600px\" \/>\t\t\t\t\t\t\t\t\t\t\t\t\t\t\t<\/div>\n\t\t\t\t<\/div>\n\t\t\t\t<div class=\"elementor-element elementor-element-180a562 elementor-widget elementor-widget-heading\" data-id=\"180a562\" data-element_type=\"widget\" data-e-type=\"widget\" data-widget_type=\"heading.default\">\n\t\t\t\t<div class=\"elementor-widget-container\">\n\t\t\t\t\t<h2 class=\"elementor-heading-title elementor-size-default\">New Brunswick<\/h2>\t\t\t\t<\/div>\n\t\t\t\t<\/div>\n\t\t\t\t<\/a>\n\t\t\t\t\t<\/div>\n\t\t\t\t<\/div>\n\t\t<div class=\"elementor-element elementor-element-bb9deba e-flex e-con-boxed e-con e-parent\" data-id=\"bb9deba\" data-element_type=\"container\" data-e-type=\"container\">\n\t\t\t\t\t<div class=\"e-con-inner\">\n\t\t<div class=\"elementor-element elementor-element-5b0bea0 e-con-full e-flex e-con e-child\" data-id=\"5b0bea0\" data-element_type=\"container\" data-e-type=\"container\">\n\t\t\t\t<div class=\"elementor-element elementor-element-8be6541 elementor-widget elementor-widget-template\" data-id=\"8be6541\" data-element_type=\"widget\" data-e-type=\"widget\" data-widget_type=\"template.default\">\n\t\t\t\t<div class=\"elementor-widget-container\">\n\t\t\t\t\t\t\t<div class=\"elementor-template\">\n\t\t\t\t\t<div data-elementor-type=\"container\" data-elementor-id=\"22296\" class=\"elementor elementor-22296\" data-elementor-post-type=\"elementor_library\">\n\t\t\t\t<div class=\"elementor-element elementor-element-1631d2fa e-con-full e-flex e-con e-child\" data-id=\"1631d2fa\" data-element_type=\"container\" data-e-type=\"container\">\n\t\t\t\t<div class=\"elementor-element elementor-element-7890a1fe elementor-widget elementor-widget-tp-blog-listout\" data-id=\"7890a1fe\" data-element_type=\"widget\" data-e-type=\"widget\" data-widget_type=\"tp-blog-listout.default\">\n\t\t\t\t\t<div id=\"pt-plus-blog-post-list\" class=\"blog-list post69f205b363a97  list-isotope  blog-style-2 hover-image-style-1 layout-style-2  \"  data-layout-type=\"fitRows\"   data-id=\"post69f205b363a97\" data-style=\"style-2\"   dir= data-enable-isotope=\"1\" filter-type = \"normal\"><div id=\"post69f205b363a97\" class=\"tp-row post-inner-loop post69f205b363a97 text-center   tp-listing-preloader\" data-extparam= '{\"loading-opt\":\"default\",\"URL-para\":\"\"}'  ><div class=\"grid-item metro-item  tp-col-lg-3 tp-col-md-4 tp-col-sm-12 tp-col-12  \"><article id=\"post-19649\" class=\"post-19649 post type-post status-publish format-standard has-post-thumbnail hentry category-blogs\">\n\t<div class=\"blog-list-content\">\n\t\t\t\t<div class=\"post-content-image\">\n\t\t\t<a href=\"https:\/\/www.circularmaterials.ca\/fr\/news\/why-batteries-do-not-belong-in-your-recycling\/\">\n\t\t\t\t\t<div class=\"blog-featured-image  tp-cst-img-full img\">\n\t<span class=\"thumb-wrap\">\n\t\t<img decoding=\"async\" width=\"700\" height=\"500\" src=\"https:\/\/www.circularmaterials.ca\/wp-content\/uploads\/2025\/07\/Circular_Materials-Call2Recycle_Canada-EN-700x500.jpg\" class=\"attachment-tp-image-grid size-tp-image-grid\" alt=\"two graphics showing the partnership between Circular Materials and Call2Recycle Canada\" srcset=\"https:\/\/www.circularmaterials.ca\/wp-content\/uploads\/2025\/07\/Circular_Materials-Call2Recycle_Canada-EN-700x500.jpg 700w, https:\/\/www.circularmaterials.ca\/wp-content\/uploads\/2025\/07\/Circular_Materials-Call2Recycle_Canada-EN-18x12.jpg 18w\" sizes=\"(max-width: 700px) 100vw, 700px\" \/>\t<\/span>\n\t<\/div>\n\t\t\t<\/a>\n\t\t\t\t\t<\/div>\n\t\t\t\t<div class=\"post-content-bottom\">\n\t\t\t\t\t\t<div class=\"post-metro-content\">\n\t\t\t\t<h3 class=\"post-title\">\n\t<a href=\"https:\/\/www.circularmaterials.ca\/fr\/news\/why-batteries-do-not-belong-in-your-recycling\/\" class=\"normal\">Battery recycling<\/a>\n<\/h3>\n\t\t\t\t\t\t\t\t\t<div class=\"post-hover-content\">\n\t\t\t\t\t\t<div class=\"entry-content\">\n\t<p>Did you know that putting batteries in your recycling...<\/p>\n<\/div>\n\t\t\t\t\t<\/div>\n\t\t\t\t\t\t\t\t\t\t\t<\/div>\n\t\t<\/div>\n\t\t\t\t<div class=\"pt-plus-button-wrapper\"><div class=\"button_parallax\"><div class=\"ts-button\"><div class=\"pt_plus_button btn69f205b363cde button-style-7 \"><div class=\"animted-content-inner\"><a href=\"https:\/\/www.circularmaterials.ca\/fr\/news\/why-batteries-do-not-belong-in-your-recycling\/\" rel=\"nofollow\" class=\"button-link-wrap\" role=\"button\">Read More<span class=\"btn-arrow\"><\/span><\/a><\/div><\/div><\/div><\/div><\/div>\t<\/div>\n<\/article>\n<\/div><div class=\"grid-item metro-item  tp-col-lg-3 tp-col-md-4 tp-col-sm-12 tp-col-12  \"><article id=\"post-20205\" class=\"post-20205 post type-post status-publish format-standard has-post-thumbnail hentry category-blogs\">\n\t<div class=\"blog-list-content\">\n\t\t\t\t<div class=\"post-content-image\">\n\t\t\t<a href=\"https:\/\/www.circularmaterials.ca\/fr\/news\/recycling-impacts\/\">\n\t\t\t\t\t<div class=\"blog-featured-image  tp-cst-img-full img\">\n\t<span class=\"thumb-wrap\">\n\t\t<img loading=\"lazy\" decoding=\"async\" width=\"700\" height=\"700\" src=\"https:\/\/www.circularmaterials.ca\/wp-content\/uploads\/2025\/05\/Ontario_2-scaled-1-700x700.jpg\" class=\"attachment-tp-image-grid size-tp-image-grid\" alt=\"\" srcset=\"https:\/\/www.circularmaterials.ca\/wp-content\/uploads\/2025\/05\/Ontario_2-scaled-1-700x700.jpg 700w, https:\/\/www.circularmaterials.ca\/wp-content\/uploads\/2025\/05\/Ontario_2-scaled-1-150x150.jpg 150w\" sizes=\"(max-width: 700px) 100vw, 700px\" \/>\t<\/span>\n\t<\/div>\n\t\t\t<\/a>\n\t\t\t\t\t<\/div>\n\t\t\t\t<div class=\"post-content-bottom\">\n\t\t\t\t\t\t<div class=\"post-metro-content\">\n\t\t\t\t<h3 class=\"post-title\">\n\t<a href=\"https:\/\/www.circularmaterials.ca\/fr\/news\/recycling-impacts\/\" class=\"normal\">Benefits of recycling<\/a>\n<\/h3>\n\t\t\t\t\t\t\t\t\t<div class=\"post-hover-content\">\n\t\t\t\t\t\t<div class=\"entry-content\">\n\t<p>By giving materials a second life, we reduce the...<\/p>\n<\/div>\n\t\t\t\t\t<\/div>\n\t\t\t\t\t\t\t\t\t\t\t<\/div>\n\t\t<\/div>\n\t\t\t\t<div class=\"pt-plus-button-wrapper\"><div class=\"button_parallax\"><div class=\"ts-button\"><div class=\"pt_plus_button btn69f205b3641e7 button-style-7 \"><div class=\"animted-content-inner\"><a href=\"https:\/\/www.circularmaterials.ca\/fr\/news\/recycling-impacts\/\" rel=\"nofollow\" class=\"button-link-wrap\" role=\"button\">Read More<span class=\"btn-arrow\"><\/span><\/a><\/div><\/div><\/div><\/div><\/div>\t<\/div>\n<\/article>\n<\/div><div class=\"grid-item metro-item  tp-col-lg-3 tp-col-md-4 tp-col-sm-12 tp-col-12  \"><article id=\"post-20544\" class=\"post-20544 post type-post status-publish format-standard has-post-thumbnail hentry category-blogs\">\n\t<div class=\"blog-list-content\">\n\t\t\t\t<div class=\"post-content-image\">\n\t\t\t<a href=\"https:\/\/www.circularmaterials.ca\/fr\/news\/plastics-101\/\">\n\t\t\t\t\t<div class=\"blog-featured-image  tp-cst-img-full img\">\n\t<span class=\"thumb-wrap\">\n\t\t<img loading=\"lazy\" decoding=\"async\" width=\"700\" height=\"700\" src=\"https:\/\/www.circularmaterials.ca\/wp-content\/uploads\/2025\/02\/Plastic-Containers-700x700.png\" class=\"attachment-tp-image-grid size-tp-image-grid\" alt=\"\" srcset=\"https:\/\/www.circularmaterials.ca\/wp-content\/uploads\/2025\/02\/Plastic-Containers-700x700.png 700w, https:\/\/www.circularmaterials.ca\/wp-content\/uploads\/2025\/02\/Plastic-Containers-300x300.png 300w, https:\/\/www.circularmaterials.ca\/wp-content\/uploads\/2025\/02\/Plastic-Containers-1024x1024.png 1024w, https:\/\/www.circularmaterials.ca\/wp-content\/uploads\/2025\/02\/Plastic-Containers-150x150.png 150w, https:\/\/www.circularmaterials.ca\/wp-content\/uploads\/2025\/02\/Plastic-Containers-768x768.png 768w, https:\/\/www.circularmaterials.ca\/wp-content\/uploads\/2025\/02\/Plastic-Containers.png 1080w\" sizes=\"(max-width: 700px) 100vw, 700px\" \/>\t<\/span>\n\t<\/div>\n\t\t\t<\/a>\n\t\t\t\t\t<\/div>\n\t\t\t\t<div class=\"post-content-bottom\">\n\t\t\t\t\t\t<div class=\"post-metro-content\">\n\t\t\t\t<h3 class=\"post-title\">\n\t<a href=\"https:\/\/www.circularmaterials.ca\/fr\/news\/plastics-101\/\" class=\"normal\">Plastics 101<\/a>\n<\/h3>\n\t\t\t\t\t\t\t\t\t<div class=\"post-hover-content\">\n\t\t\t\t\t\t<div class=\"entry-content\">\n\t<p>Have you ever wondered about the different types of...<\/p>\n<\/div>\n\t\t\t\t\t<\/div>\n\t\t\t\t\t\t\t\t\t\t\t<\/div>\n\t\t<\/div>\n\t\t\t\t<div class=\"pt-plus-button-wrapper\"><div class=\"button_parallax\"><div class=\"ts-button\"><div class=\"pt_plus_button btn69f205b3645fa button-style-7 \"><div class=\"animted-content-inner\"><a href=\"https:\/\/www.circularmaterials.ca\/fr\/news\/plastics-101\/\" rel=\"nofollow\" class=\"button-link-wrap\" role=\"button\">Read More<span class=\"btn-arrow\"><\/span><\/a><\/div><\/div><\/div><\/div><\/div>\t<\/div>\n<\/article>\n<\/div><div class=\"grid-item metro-item  tp-col-lg-3 tp-col-md-4 tp-col-sm-12 tp-col-12  \"><article id=\"post-20380\" class=\"post-20380 post type-post status-publish format-standard has-post-thumbnail hentry category-blogs\">\n\t<div class=\"blog-list-content\">\n\t\t\t\t<div class=\"post-content-image\">\n\t\t\t<a href=\"https:\/\/www.circularmaterials.ca\/fr\/news\/summer-recycling\/\">\n\t\t\t\t\t<div class=\"blog-featured-image  tp-cst-img-full img\">\n\t<span class=\"thumb-wrap\">\n\t\t<img loading=\"lazy\" decoding=\"async\" width=\"700\" height=\"700\" src=\"https:\/\/www.circularmaterials.ca\/wp-content\/uploads\/2025\/05\/Copy-of-Administrator-PRO-July-EN.pdf-8-700x700.png\" class=\"attachment-tp-image-grid size-tp-image-grid\" alt=\"\" srcset=\"https:\/\/www.circularmaterials.ca\/wp-content\/uploads\/2025\/05\/Copy-of-Administrator-PRO-July-EN.pdf-8-700x700.png 700w, https:\/\/www.circularmaterials.ca\/wp-content\/uploads\/2025\/05\/Copy-of-Administrator-PRO-July-EN.pdf-8-150x150.png 150w\" sizes=\"(max-width: 700px) 100vw, 700px\" \/>\t<\/span>\n\t<\/div>\n\t\t\t<\/a>\n\t\t\t\t\t<\/div>\n\t\t\t\t<div class=\"post-content-bottom\">\n\t\t\t\t\t\t<div class=\"post-metro-content\">\n\t\t\t\t<h3 class=\"post-title\">\n\t<a href=\"https:\/\/www.circularmaterials.ca\/fr\/news\/summer-recycling\/\" class=\"normal\">Summer recycling guide<\/a>\n<\/h3>\n\t\t\t\t\t\t\t\t\t<div class=\"post-hover-content\">\n\t\t\t\t\t\t<div class=\"entry-content\">\n\t<p>Learn how to make recycling a breeze this summer....<\/p>\n<\/div>\n\t\t\t\t\t<\/div>\n\t\t\t\t\t\t\t\t\t\t\t<\/div>\n\t\t<\/div>\n\t\t\t\t<div class=\"pt-plus-button-wrapper\"><div class=\"button_parallax\"><div class=\"ts-button\"><div class=\"pt_plus_button btn69f205b3649bf button-style-7 \"><div class=\"animted-content-inner\"><a href=\"https:\/\/www.circularmaterials.ca\/fr\/news\/summer-recycling\/\" rel=\"nofollow\" class=\"button-link-wrap\" role=\"button\">Read More<span class=\"btn-arrow\"><\/span><\/a><\/div><\/div><\/div><\/div><\/div>\t<\/div>\n<\/article>\n<\/div><\/div><\/div>\t\t\t\t<\/div>\n\t\t\t\t<div class=\"elementor-element elementor-element-65aa0938 elementor-widget elementor-widget-spacer\" data-id=\"65aa0938\" data-element_type=\"widget\" data-e-type=\"widget\" data-widget_type=\"spacer.default\">\n\t\t\t\t<div class=\"elementor-widget-container\">\n\t\t\t\t\t\t\t<div class=\"elementor-spacer\">\n\t\t\t<div class=\"elementor-spacer-inner\"><\/div>\n\t\t<\/div>\n\t\t\t\t\t\t<\/div>\n\t\t\t\t<\/div>\n\t\t\t\t<\/div>\n\t\t\t\t<\/div>\n\t\t\t\t<\/div>\n\t\t\t\t\t\t<\/div>\n\t\t\t\t<\/div>\n\t\t\t\t<\/div>\n\t\t\t\t\t<\/div>\n\t\t\t\t<\/div>\n\t\t\t\t<\/div>\n\t\t","protected":false},"excerpt":{"rendered":"<p>Renseignez-vous sur les options de recyclage dans les \u00e9coles par l'interm\u00e9diaire de Circular Materials en Ontario, au Nouveau-Brunswick et en Nouvelle-\u00c9cosse.<\/p>","protected":false},"author":12,"featured_media":0,"parent":0,"menu_order":0,"comment_status":"closed","ping_status":"closed","template":"","meta":{"_acf_changed":false,"inline_featured_image":false,"footnotes":""},"class_list":["post-23764","page","type-page","status-publish","hentry"],"acf":[],"aioseo_notices":[],"_links":{"self":[{"href":"https:\/\/www.circularmaterials.ca\/fr\/wp-json\/wp\/v2\/pages\/23764","targetHints":{"allow":["GET"]}}],"collection":[{"href":"https:\/\/www.circularmaterials.ca\/fr\/wp-json\/wp\/v2\/pages"}],"about":[{"href":"https:\/\/www.circularmaterials.ca\/fr\/wp-json\/wp\/v2\/types\/page"}],"author":[{"embeddable":true,"href":"https:\/\/www.circularmaterials.ca\/fr\/wp-json\/wp\/v2\/users\/12"}],"replies":[{"embeddable":true,"href":"https:\/\/www.circularmaterials.ca\/fr\/wp-json\/wp\/v2\/comments?post=23764"}],"version-history":[{"count":25,"href":"https:\/\/www.circularmaterials.ca\/fr\/wp-json\/wp\/v2\/pages\/23764\/revisions"}],"predecessor-version":[{"id":23866,"href":"https:\/\/www.circularmaterials.ca\/fr\/wp-json\/wp\/v2\/pages\/23764\/revisions\/23866"}],"wp:attachment":[{"href":"https:\/\/www.circularmaterials.ca\/fr\/wp-json\/wp\/v2\/media?parent=23764"}],"curies":[{"name":"wp","href":"https:\/\/api.w.org\/{rel}","templated":true}]}}