{"id":22418,"date":"2025-09-19T12:07:27","date_gmt":"2025-09-19T16:07:27","guid":{"rendered":"https:\/\/www.circularmaterials.ca\/?page_id=22418"},"modified":"2025-09-19T12:07:27","modified_gmt":"2025-09-19T16:07:27","slug":"reglements-officiels-du-concours-mois-de-leconomie-circulaire-2025","status":"publish","type":"page","link":"https:\/\/www.circularmaterials.ca\/fr\/reglements-officiels-du-concours-mois-de-leconomie-circulaire-2025\/","title":{"rendered":"R\u00e8glements Officiels du Concours Mois de L'\u00e9conomie Circulaire 2025"},"content":{"rendered":"\t\t<div data-elementor-type=\"wp-page\" data-elementor-id=\"22418\" class=\"elementor elementor-22418\" data-elementor-post-type=\"page\">\n\t\t\t\t<div data-dce-background-color=\"#FFFFFF\" data-dce-background-overlay-color=\"#004876\" class=\"elementor-element elementor-element-54cd4fee e-flex e-con-boxed e-con e-parent\" data-id=\"54cd4fee\" data-element_type=\"container\" data-e-type=\"container\" data-settings=\"{&quot;background_background&quot;:&quot;classic&quot;,&quot;background_motion_fx_motion_fx_scrolling&quot;:&quot;yes&quot;,&quot;background_motion_fx_devices&quot;:[&quot;desktop&quot;,&quot;tablet&quot;,&quot;mobile&quot;]}\">\n\t\t\t\t\t<div class=\"e-con-inner\">\n\t\t\t\t<div class=\"elementor-element elementor-element-69f54914 elementor-widget__width-initial text-balance elementor-widget elementor-widget-heading\" data-id=\"69f54914\" data-element_type=\"widget\" data-e-type=\"widget\" data-widget_type=\"heading.default\">\n\t\t\t\t<div class=\"elementor-widget-container\">\n\t\t\t\t\t<h2 class=\"elementor-heading-title elementor-size-default\">R\u00e8glements Officiels du Concours Mois de L\u2019\u00e9conomie Circulaire 2025<\/h2>\t\t\t\t<\/div>\n\t\t\t\t<\/div>\n\t\t\t\t\t<\/div>\n\t\t\t\t<\/div>\n\t\t<div class=\"elementor-element elementor-element-259ca10b e-flex e-con-boxed e-con e-parent\" data-id=\"259ca10b\" data-element_type=\"container\" data-e-type=\"container\">\n\t\t\t\t\t<div class=\"e-con-inner\">\n\t\t\t\t<div class=\"elementor-element elementor-element-21f9c00 elementor-widget elementor-widget-text-editor\" data-id=\"21f9c00\" data-element_type=\"widget\" data-e-type=\"widget\" data-widget_type=\"text-editor.default\">\n\t\t\t\t<div class=\"elementor-widget-container\">\n\t\t\t\t\t\t\t\t\t<p><strong>R\u00c8GLEMENTS OFFICIELS DU CONCOURS MOIS DE L\u2019\u00c9CONOMIE CIRCULAIRE 2025 DE CIRCULAR MATERIALS<\/strong><\/p><p>AUCUN ACHAT N\u2019EST N\u00c9CESSAIRE POUR PARTICIPER OU GAGNER.<\/p><p>1. COMMANDITAIRE\u202f: <strong>Le concours Mois de l\u2019\u00e9conomie circulaire 2025 de Circular Materials<\/strong> (le \u00ab\u202fconcours\u202f\u00bb) est commandit\u00e9 par <strong>CIRCULAR MATERIALS<\/strong> [Circular Materials] (le \u00ab\u202fcommanditaire\u202f\u00bb).<\/p><p>2. ADMISSIBILIT\u00c9\u202f: Le concours s\u2019adresse aux r\u00e9sidents autoris\u00e9s de l\u2019Alberta, du Nouveau-Brunswick et de l\u2019Ontario qui suivent Circular Materials sur Instagram ou Facebook, selon le cas, et qui sont \u00e2g\u00e9s de 18\u202fans ou plus au moment de leur inscription, \u00e0 l\u2019exception des membres du personnel du commanditaire, de sa soci\u00e9t\u00e9 m\u00e8re, de ses soci\u00e9t\u00e9s apparent\u00e9es et connexes, de ses filiales, de ses services ou agences, de ses franchis\u00e9s, de ses fournisseurs, de ses agences de publicit\u00e9 et de promotion, des administrateurs du concours et de toute autre partie participant \u00e0 l\u2019\u00e9laboration, \u00e0 la production ou \u00e0 la distribution du mat\u00e9riel du concours (les \u00ab\u202fpersonnes participantes\u202f\u00bb). En participant \u00e0 ce concours, les personnes participantes reconnaissent qu\u2019elles respectent les pr\u00e9sents r\u00e8glements et acceptent d\u2019y \u00eatre li\u00e9es. Les personnes participantes qui ne respectent pas l\u2019un des r\u00e8glements du concours peuvent \u00eatre disqualifi\u00e9es par le commanditaire, \u00e0 sa seule discr\u00e9tion.<\/p><p>3. DATES ET HEURES DU CONCOURS\u202f: Le concours d\u00e9bute le mardi 28\u202foctobre 2025 \u00e0 00\u202fh\u202f00\u202fheure avanc\u00e9e de l\u2019Est (HAE) et se termine le vendredi 31\u202foctobre 2025 \u00e0 23\u202fh\u202f59\u202fHAE (la \u00ab\u202fdate de fin du concours\u202f\u00bb). Apr\u00e8s cette p\u00e9riode, le concours sera clos et aucune autre participation ne sera accept\u00e9e.<\/p><p>4. COMMENT PARTICIPER\u202f: Pour participer au concours, vous devez\u202f: aimer la publication sur le compte Instagram et\/ou Facebook de Circular Materials publi\u00e9e le 28 octobre 2025, \u00e9tiqueter dans les commentaires une personne qui vous incite \u00e0 recycler, et suivre Circular Materials sur Instagram et\/ou Facebook.<\/p><p>5. R\u00c8GLEMENTS DU CONCOURS\u202f:<\/p><p>1. La personne participante doit aimer, commenter et \u00e9tiqueter une autre personne dans les commentaires de la publication Instagram et\/ou Facebook de Circular Materials du 28\u202foctobre 2025. Elle doit suivre Circular Materials sur Instagram et\/ou Facebook. Les renseignements recueillis \u00e0 l\u2019aide des commentaires seront utilis\u00e9s conform\u00e9ment \u00e0 la politique de confidentialit\u00e9 de Circular Materials.<\/p><p>2. Ces donn\u00e9es ne seront pas vendues \u00e0 des tiers. Toute tentative r\u00e9elle ou soup\u00e7onn\u00e9e d\u2019utilisation de moyens robotiques, automatiques, programm\u00e9s ou illicites pour participer au concours, ou de toute autre m\u00e9thode non autoris\u00e9e par les pr\u00e9sents r\u00e8glements, par exemple, la cr\u00e9ation de plusieurs comptes, identit\u00e9s ou inscriptions, \u00e0 la seule discr\u00e9tion du commanditaire, sera consid\u00e9r\u00e9e comme une fraude et pourra entra\u00eener votre disqualification, votre exclusion du concours et\/ou votre disqualification pour gagner un prix. Les participations contenant des renseignements faux ou incomplets seront annul\u00e9es. Les participations tardives, perdues, vol\u00e9es, illisibles, contenant de faux renseignements, endommag\u00e9es, mal achemin\u00e9es, mutil\u00e9es, alt\u00e9r\u00e9es ou incompl\u00e8tes, modifi\u00e9es ou autrement irr\u00e9guli\u00e8res, ou qui ne sont pas conformes ou ne satisfont pas \u00e0 l\u2019une ou \u00e0 toutes les conditions des r\u00e8glements du concours seront annul\u00e9es. En remplissant un bon de participation, les personnes participantes accordent au commanditaire une licence non exclusive lui permettant d\u2019utiliser tous les bons de participation \u00e0 toutes fins utiles. Aucune correspondance ne sera \u00e9chang\u00e9e, sauf avec les personnes participantes s\u00e9lectionn\u00e9es. Une preuve de transmission (captures d\u2019\u00e9cran, etc.) ne constitue pas une preuve de participation ou de r\u00e9ception d\u2019un bon de participation.<\/p><p>6. PRIX DU CONCOURS\u202f: Il y a deux\u202f(2)\u202fprix \u00e0 gagner, respectivement pour les publications Instagram et\/ou Facebook de Circular Materials, chacun comprenant deux articles, comme suit (un pour la personne participante qui a laiss\u00e9 un commentaire et un pour la personne qui a \u00e9t\u00e9 \u00e9tiquet\u00e9e dans le commentaire). Chaque personne participante s\u00e9lectionn\u00e9e recevra un sac fourre-tout de la marque Circular Materials et un gobelet \u00e0 caf\u00e9 de la marque Circular Materials, la valeur totale approximative au d\u00e9tail [des quatre\u202f(4)\u202farticles] \u00e9tant de 80\u202f$\u202fCAD. Le tirage au sort aura lieu le lundi 3\u202fnovembre 2025 \u00e0 10\u202fh (heure de l\u2019Est). Les prix n\u2019ont aucune valeur mon\u00e9taire et ne peuvent \u00eatre \u00e9chang\u00e9s ou remplac\u00e9s par un autre prix. Les personnes participantes s\u00e9lectionn\u00e9es (d\u00e9finies ci-dessous) doivent assumer toutes les d\u00e9penses li\u00e9es \u00e0 l\u2019utilisation du prix et remettre le sac fourre-tout ou le gobelet \u00e0 caf\u00e9 \u00e0 la personne \u00e9tiquet\u00e9e dans la publication, \u00e0 leur discr\u00e9tion et \u00e0 leurs frais.<\/p><p>Les personnes gagnantes confirm\u00e9es ne peuvent remporter qu\u2019un\u202f(1)\u202fseul prix pendant la dur\u00e9e du concours.<\/p><p>7. CHANCES DE GAGNER\u202f: Les chances de gagner d\u00e9pendent du nombre de participations admissibles re\u00e7ues avant la date de fin du concours.<\/p><p>Tirage au sort et s\u00e9lection des personnes gagnantes<\/p><p>Les r\u00e9sidentes et les r\u00e9sidents qui remplissent les crit\u00e8res d\u2019admissibilit\u00e9 seront inscrits \u00e0 un tirage au sort.<\/p><p>Une personne gagnante sera choisie au hasard parmi les participations admissibles.<\/p><p>La personne gagnante et celle qu\u2019elle aura \u00e9tiquet\u00e9e dans le commentaire recevront un prix.<\/p><p>8. QUESTION R\u00c9GLEMENTAIRE\u202f: Les personnes participantes s\u00e9lectionn\u00e9es devront, pour remporter un prix, r\u00e9pondre correctement, sans aide d\u2019aucune sorte, \u00e0 la question r\u00e9glementaire d\u2019arithm\u00e9tique \u00e0 dur\u00e9e limit\u00e9e pos\u00e9e par le commanditaire dans le courriel annon\u00e7ant les personnes gagnantes.<\/p><p>9. S\u00c9LECTION ET CONFIRMATION DES PERSONNES GAGNANTES\u202f:<\/p><p><strong>Dates du tirage au sort\/dates de prise de contact avec les personnes gagnantes<\/strong><\/p><p>Le tirage au sort aura lieu uniquement \u00e0 la date suivante\u202f: le lundi 3\u202fnovembre 2025, \u00e0 10\u202fh (heure de l\u2019Est).<\/p><p>On communiquera avec les personnes gagnantes dans les cinq\u202f(5)\u202fjours ouvrables suivant la date du tirage au sort.<\/p><p>\u00c0 la date du tirage au sort (la \u00ab\u202fdate du tirage au sort\u202f\u00bb) indiqu\u00e9e ci-dessus, le commanditaire, ou un membre de son personnel, une agente ou un agent ou autre personne repr\u00e9sentant le commanditaire, proc\u00e9dera \u00e0 un tirage au sort parmi toutes les participations admissibles et s\u00e9lectionnera la personne gagnante potentielle pour chacune des publications Instagram et\/ou Facebook de Circular Materials (les \u00ab\u202fpersonnes participantes s\u00e9lectionn\u00e9es\u202f\u00bb). Les personnes participantes s\u00e9lectionn\u00e9es seront consid\u00e9r\u00e9es comme gagnantes si elles remplissent tous les crit\u00e8res d\u2019admissibilit\u00e9 \u00e9nonc\u00e9s dans les pr\u00e9sents r\u00e8glements du concours. Si une personne participante s\u00e9lectionn\u00e9e ne remplit pas les crit\u00e8res d\u2019admissibilit\u00e9, elle sera disqualifi\u00e9e et ne recevra pas de prix. Une autre personne participante sera alors s\u00e9lectionn\u00e9e par tirage au sort parmi les participations admissibles restantes. Avant d\u2019\u00eatre d\u00e9clar\u00e9es gagnantes, les personnes participantes s\u00e9lectionn\u00e9es devront\u202f: i)\u202fr\u00e9pondre correctement \u00e0 la question r\u00e9glementaire pos\u00e9e par le commanditaire; ii)\u202fsigner et retourner le formulaire de d\u00e9claration d\u2019admissibilit\u00e9, d\u2019exon\u00e9ration de responsabilit\u00e9 et de consentement \u00e0 des fins publicitaires du commanditaire; et iii)\u202fse conformer \u00e0 toutes les autres r\u00e8glements du concours, \u00e0 la seule discr\u00e9tion du commanditaire.<\/p><p>On informera les personnes participantes s\u00e9lectionn\u00e9es dans les cinq\u202f(5)\u202fjours ouvrables suivant le tirage au sort et communiquera avec elles sur Instagram ou Facebook, selon le cas, et jusqu\u2019\u00e0 trois tentatives seront effectu\u00e9es dans les 48\u202fheures suivant le tirage au sort. Une personne participante s\u00e9lectionn\u00e9e qui n\u2019accepte pas ou ne peut pas accepter le prix peut \u00eatre disqualifi\u00e9e et une nouvelle personne participante s\u00e9lectionn\u00e9e sera tir\u00e9e au sort, \u00e0 la seule discr\u00e9tion du commanditaire. Le commanditaire doit recevoir le formulaire d\u2019acceptation du commanditaire au plus tard le vendredi 7\u202fnovembre \u00e0 23\u202fh\u202f59\u202fHAE. Le commanditaire n\u2019est pas responsable de l\u2019incapacit\u00e9, pour quelque raison que ce soit, d\u2019une personne participante s\u00e9lectionn\u00e9e de recevoir la notification ou du commanditaire de recevoir la r\u00e9ponse d\u2019une personne participante s\u00e9lectionn\u00e9e.<\/p><p>Litiges concernant l\u2019identit\u00e9 d\u2019une personne participante\u202f: Si l\u2019identit\u00e9 d\u2019une personne participante s\u00e9lectionn\u00e9e est contest\u00e9e, la participation sera consid\u00e9r\u00e9e comme ayant \u00e9t\u00e9 soumise par la personne titulaire du compte autoris\u00e9e (la personne \u00e0 laquelle est attribu\u00e9e l\u2019adresse de courriel ou, le cas \u00e9ch\u00e9ant, le nom d\u2019utilisateur associ\u00e9 \u00e0 la participation). Chaque personne participante s\u00e9lectionn\u00e9e peut \u00eatre tenue de fournir la preuve qu\u2019elle est la titulaire du compte autoris\u00e9e associ\u00e9e \u00e0 la participation s\u00e9lectionn\u00e9e.<\/p><p>10. LIB\u00c9RATION ET INDEMNISATION\u202f: La personne gagnante doit signer le formulaire de d\u00e9claration d\u2019admissibilit\u00e9, d\u2019exon\u00e9ration de responsabilit\u00e9 et de consentement \u00e0 des fins publicitaires du commanditaire afin\u202f: i)\u202fde confirmer qu\u2019elle respecte les r\u00e8glements du concours; ii)\u202fd\u2019accepter le prix tel qu\u2019il est attribu\u00e9; iii)\u202fde d\u00e9charger, lib\u00e9rer et d\u00e9gager de toute responsabilit\u00e9, en son nom et au nom du commanditaire, ses services et agences, ses soci\u00e9t\u00e9s m\u00e8res, soci\u00e9t\u00e9s apparent\u00e9es et connexes, ses filiales, ses franchis\u00e9s, ses agences de publicit\u00e9 et de promotion, ses conseillers, ses partenaires de marketing, Facebook, Instagram et Twitter, ainsi que chacun de leurs administrateurs, dirigeants, employ\u00e9s, actionnaires, successeurs, commanditaires, partenaires, licenci\u00e9s, filiales, agents, artistes, conseillers, cessionnaires et toutes autres personnes li\u00e9es \u00e0 l\u2019administration, \u00e0 l\u2019\u00e9laboration et \u00e0 l\u2019ex\u00e9cution du concours (les \u00ab\u202fparties lib\u00e9r\u00e9es\u202f\u00bb) de toute action, cause d\u2019action, r\u00e9clamation ou demande, perte ou pr\u00e9judice, utilisation ou mauvaise utilisation d\u2019un prix ou de tout voyage y aff\u00e9rent, et l\u2019utilisation de la participation par le commanditaire, les poursuites, les dettes, les engagements, les contrats, y compris les frais et d\u00e9penses juridiques, de quelque nature que ce soit, y compris notamment les r\u00e9clamations fond\u00e9es sur la n\u00e9gligence, la rupture de contrat et la violation fondamentale, le manquement de tout sous-traitant ou fournisseur tiers utilis\u00e9 dans le cadre de tout aspect du concours \u00e0 agir ou \u00e0 livrer des biens ou des services, tout cas de force majeure ou tout autre \u00e9v\u00e9nement ind\u00e9pendant de la volont\u00e9 des parties lib\u00e9r\u00e9es, toute insatisfaction de quelque nature que ce soit d\u2019une personne gagnante \u00e0 l\u2019\u00e9gard de tout aspect du concours ou de tout prix, la responsabilit\u00e9 pour les blessures physiques, le d\u00e9c\u00e8s ou les dommages mat\u00e9riels que les personnes participantes, leurs invit\u00e9s, leurs h\u00e9ritiers, leurs successeurs ou leurs ayants droit ont subis, pourraient subir ou auraient pu subir en raison de la participation de la personne participante au concours et\/ou en relation avec l\u2019acceptation et\/ou l\u2019exercice par la personne participante du prix tel qu\u2019il a \u00e9t\u00e9 attribu\u00e9; et iv)\u202fd\u2019indemniser les parties lib\u00e9r\u00e9es contre toute perte, tout dommage ou toute d\u00e9pense, y compris les frais juridiques, que l\u2019une des parties lib\u00e9r\u00e9es pourrait subir ou encourir \u00e0 la suite du non-respect par une personne participante de l\u2019un des r\u00e8glements du concours ou de sa participation au concours et\/ou en relation avec l\u2019acceptation et\/ou l\u2019exercice par une personne participante d\u2019un prix et l\u2019utilisation de la participation par le commanditaire.<\/p><p>Le commanditaire et les parties lib\u00e9r\u00e9es ne sont en aucun cas responsables de ce qui suit\u202f: i)\u202fdes renseignements incorrects ou inexacts dans les participations qui pourraient affecter la capacit\u00e9 d\u2019une personne \u00e0 participer au concours ou \u00e0 recevoir un prix, y compris notamment les erreurs humaines, les d\u00e9faillances techniques, les participations perdues ou retard\u00e9es pour quelque raison que ce soit, les d\u00e9faillances du courrier, les omissions ou toute combinaison de ces \u00e9l\u00e9ments, et les participations qui ne respectent pas enti\u00e8rement les pr\u00e9sents r\u00e8glements du concours; ii)\u202fles d\u00e9faillances techniques de toute nature, y compris notamment les mauvais fonctionnements, les interruptions ou d\u00e9connexions des lignes t\u00e9l\u00e9phoniques ou du mat\u00e9riel ou des logiciels r\u00e9seau; iii)\u202fdes participations ou des formulaires de d\u00e9claration et de lib\u00e9ration perdus, incomplets, retard\u00e9s, mutil\u00e9s ou mal achemin\u00e9s; iv)\u202fdes dommages caus\u00e9s \u00e0 l\u2019ordinateur de la personne participante ou \u00e0 l\u2019ordinateur de toute autre personne en raison ou \u00e0 cause de la participation au concours, du t\u00e9l\u00e9chargement de tout document relatif au concours ou de l\u2019acceptation d\u2019un prix; v)\u202ftoute blessure subie par des personnes ou tout dommage caus\u00e9 \u00e0 des biens qui pourrait \u00eatre attribuable, directement ou indirectement, en tout ou en partie, \u00e0 la participation de la personne participante au concours ou \u00e0 la r\u00e9ception, \u00e0 l\u2019utilisation ou \u00e0 la mauvaise utilisation de tout prix, y compris tout voyage y aff\u00e9rent et l\u2019utilisation de la participation par le commanditaire; vi)\u202fla s\u00e9curit\u00e9 ou la confidentialit\u00e9 des renseignements transmis par des r\u00e9seaux informatiques ou les atteintes \u00e0 la vie priv\u00e9e imputables \u00e0 l\u2019interf\u00e9rence de \u00ab\u202fpirates\u202f\u00bb informatiques tiers ou autres; ou vii)\u202fdes tentatives vaines, mal achemin\u00e9es ou faites tardivement en vue d\u2019aviser la personne gagnante \u00e9ventuelle.<\/p><p>En participant au concours, vous reconnaissez que le concours n\u2019est en aucun cas commandit\u00e9, approuv\u00e9 ou administr\u00e9 par Facebook, Instagram et\/ou Meta ni leur est aucunement associ\u00e9.<\/p><p>11. AUTRES CONDITIONS\u202f: Le commanditaire se r\u00e9serve le droit de mettre fin au concours ou de le modifier en tout temps et de quelque mani\u00e8re que ce soit, sans pr\u00e9avis. Sans limiter ce qui pr\u00e9c\u00e8de, si, pour quelque raison que ce soit, le concours ne peut se d\u00e9rouler comme pr\u00e9vu initialement, le commanditaire se r\u00e9serve le droit de l\u2019annuler et de proc\u00e9der \u00e0 un tirage au sort parmi toutes les participations admissibles re\u00e7ues avant la date de fin du concours.<\/p><p>Publicit\u00e9 et renseignements sur les personnes participantes\u202f: En participant au concours, les personnes participantes consentent \u00e0 ce que leurs nom, adresse, code postal, num\u00e9ro de t\u00e9l\u00e9phone, pseudonymes sur les r\u00e9seaux sociaux, commentaires et image, que ce soit sur bande vid\u00e9o, photographie ou tout autre support, soient utilis\u00e9s pour l\u2019administration du concours ou toute publicit\u00e9 r\u00e9alis\u00e9e par le commanditaire, sans autre avis ni compensation. Les personnes participantes consentent \u00e9galement \u00e0 ce que leurs nom, adresse, code postal, num\u00e9ro de t\u00e9l\u00e9phone\/cellulaire et\/ou pseudonymes sur les r\u00e9seaux sociaux soient utilis\u00e9s afin de recevoir des communications promotionnelles de Circular Materials.<\/p><p>Loi\u202f: Le concours est nul l\u00e0 o\u00f9 la loi l\u2019interdit et est r\u00e9gi exclusivement par les lois de la province de l\u2019Ontario, au Canada, y compris toutes les questions relatives \u00e0 l\u2019interpr\u00e9tation, la validit\u00e9, l\u2019applicabilit\u00e9 et l\u2019ex\u00e9cution des pr\u00e9sents r\u00e8glements du concours, les droits et obligations entre les personnes participantes et le commanditaire, ainsi que les dispositions proc\u00e9durales, sans donner effet \u00e0 aucun choix de loi ou aucune r\u00e8gle de conflit de lois.<\/p><p>Modifications apport\u00e9es aux r\u00e8glements\u202f: Le commanditaire se r\u00e9serve le droit, \u00e0 sa seule discr\u00e9tion, de modifier les pr\u00e9sents r\u00e8glements du concours, ou de modifier, d\u2019annuler ou de suspendre le concours, sans pr\u00e9avis et pour quelque raison que ce soit, y compris notamment dans le cas o\u00f9 une cause ind\u00e9pendante de la volont\u00e9 du commanditaire compromettrait ou menacerait de compromettre la s\u00e9curit\u00e9 ou le bon d\u00e9roulement du concours.<\/p><p>Propri\u00e9t\u00e9 intellectuelle\u202f: Toute la propri\u00e9t\u00e9 intellectuelle, y compris notamment les marques de commerce, les logos, les dessins, le mat\u00e9riel promotionnel, les pages Web, les codes sources, les images, les croquis, les illustrations, les slogans et les repr\u00e9sentations, est la propri\u00e9t\u00e9 du commanditaire et utilis\u00e9e avec son autorisation. Tous droits r\u00e9serv\u00e9s. La reproduction ou l\u2019utilisation non autoris\u00e9e de tout mat\u00e9riel prot\u00e9g\u00e9 par un droit d\u2019auteur ou toute autre propri\u00e9t\u00e9 intellectuelle sans l\u2019approbation expresse, par \u00e9crit, du commanditaire est strictement interdite. Les partenaires de marketing ou autres partenaires du commanditaire, le cas \u00e9ch\u00e9ant, auront \u00e9galement acc\u00e8s \u00e0 tout mat\u00e9riel produit par ce concours ou toute soumission ou tout mat\u00e9riel produit par les personnes participantes, et le droit de les reproduire, copier ou utiliser de quelque mani\u00e8re que ce soit.<\/p><p>\u00a9 CIRCULAR MATERIALS. Tous droits r\u00e9serv\u00e9s.<\/p>\t\t\t\t\t\t\t\t<\/div>\n\t\t\t\t<\/div>\n\t\t\t\t\t<\/div>\n\t\t\t\t<\/div>\n\t\t\t\t<\/div>\n\t\t","protected":false},"excerpt":{"rendered":"<p>R\u00e8glements Officiels du Concours Mois de L\u2019\u00e9conomie Circulaire 2025 R\u00c8GLEMENTS OFFICIELS DU CONCOURS MOIS DE L\u2019\u00c9CONOMIE CIRCULAIRE 2025 DE CIRCULAR MATERIALS AUCUN ACHAT N\u2019EST N\u00c9CESSAIRE POUR PARTICIPER OU GAGNER. 1. COMMANDITAIRE\u202f: Le concours Mois de l\u2019\u00e9conomie circulaire 2025 de Circular Materials (le \u00ab\u202fconcours\u202f\u00bb) est commandit\u00e9 par CIRCULAR MATERIALS [Circular Materials] (le \u00ab\u202fcommanditaire\u202f\u00bb). 2. ADMISSIBILIT\u00c9\u202f: Le [&hellip;]<\/p>\n","protected":false},"author":384,"featured_media":0,"parent":0,"menu_order":0,"comment_status":"closed","ping_status":"closed","template":"","meta":{"_acf_changed":false,"inline_featured_image":false,"footnotes":""},"class_list":["post-22418","page","type-page","status-publish","hentry"],"acf":[],"aioseo_notices":[],"_links":{"self":[{"href":"https:\/\/www.circularmaterials.ca\/fr\/wp-json\/wp\/v2\/pages\/22418","targetHints":{"allow":["GET"]}}],"collection":[{"href":"https:\/\/www.circularmaterials.ca\/fr\/wp-json\/wp\/v2\/pages"}],"about":[{"href":"https:\/\/www.circularmaterials.ca\/fr\/wp-json\/wp\/v2\/types\/page"}],"author":[{"embeddable":true,"href":"https:\/\/www.circularmaterials.ca\/fr\/wp-json\/wp\/v2\/users\/384"}],"replies":[{"embeddable":true,"href":"https:\/\/www.circularmaterials.ca\/fr\/wp-json\/wp\/v2\/comments?post=22418"}],"version-history":[{"count":6,"href":"https:\/\/www.circularmaterials.ca\/fr\/wp-json\/wp\/v2\/pages\/22418\/revisions"}],"predecessor-version":[{"id":22424,"href":"https:\/\/www.circularmaterials.ca\/fr\/wp-json\/wp\/v2\/pages\/22418\/revisions\/22424"}],"wp:attachment":[{"href":"https:\/\/www.circularmaterials.ca\/fr\/wp-json\/wp\/v2\/media?parent=22418"}],"curies":[{"name":"wp","href":"https:\/\/api.w.org\/{rel}","templated":true}]}}